{"id":9930,"date":"2025-05-26T10:02:38","date_gmt":"2025-05-26T10:02:38","guid":{"rendered":"https:\/\/premiumbymasifill.com\/immuebles\/en-pleno-corazon-de-gracia-2\/"},"modified":"2026-04-01T08:21:50","modified_gmt":"2026-04-01T08:21:50","slug":"fantastica-casa-para-entrar-a-vivir","status":"publish","type":"page","link":"https:\/\/premiumbymasifill.com\/en\/immuebles\/fantastica-casa-para-entrar-a-vivir\/","title":{"rendered":"Fantastic house ready to move into"},"content":{"rendered":"<div class=\"wpb-content-wrapper\"><p>[vc_row css=&#8221;.vc_custom_1616662559700{margin-top: 0px !important;margin-bottom: 0px !important;padding-top: 0px !important;padding-bottom: 0px !important;}&#8221;][vc_column css=&#8221;.vc_custom_1616662336883{margin-top: 0px !important;margin-bottom: 0px !important;padding-top: 0px !important;padding-bottom: 0px !important;}&#8221;][vc_raw_html]JTNDcCUyMGNsYXNzJTNEJTIycG9ibGFjaW8yJTIyJTNFJTIwQmVsbGF0ZXJyYSUyQyUyMEJhcmNlbG9uYSUzQyUyRnAlM0U=[\/vc_raw_html][\/vc_column][\/vc_row][vc_row el_class=&#8221;nom&#8221; css=&#8221;.vc_custom_1616662858073{margin-top: 0px !important;margin-bottom: 0px !important;padding-top: 0px !important;padding-bottom: 0px !important;}&#8221;][vc_column css=&#8221;.vc_custom_1616662342299{margin-top: 0px !important;margin-bottom: 0px !important;padding-top: 0px !important;padding-bottom: 0px !important;}&#8221;][vc_column_text css=&#8221;.vc_custom_1748254787344{margin-top: 0px !important;margin-bottom: 0px !important;padding-top: 0px !important;padding-bottom: 0px !important;}&#8221; el_class=&#8221;avantitol&#8221;]<\/p>\n<pre id=\"tw-target-text\" class=\"tw-data-text tw-text-large tw-ta\" dir=\"ltr\" data-placeholder=\"Traducci\u00f3\" data-ved=\"2ahUKEwi3gKWb9MCNAxVHTaQEHdaeHQYQ3ewLegQIDRAV\" aria-label=\"Text tradu\u00eft: Fantastic house ready to move into\"><span class=\"Y2IQFc\" lang=\"en\">Fantastic house ready to move into<\/span><\/pre>\n<p>[\/vc_column_text][\/vc_column][\/vc_row][vc_row][vc_column width=&#8221;1\/2&#8243; css=&#8221;.vc_custom_1616670218781{padding-right: 40px !important;}&#8221;][vc_row_inner][vc_column_inner][vc_raw_html]JTNDcCUyMGNsYXNzJTNEJTIycHJlY2lvJTIyJTNFJTIwMS4wNzUuMDAwJUUyJTgyJUFDJTNDJTJGcCUzRSUwQQ==[\/vc_raw_html][\/vc_column_inner][\/vc_row_inner][vc_row_inner el_class=&#8221;detall&#8221;][vc_column_inner css=&#8221;.vc_custom_1616663839958{margin-top: 0px !important;margin-bottom: 0px !important;padding-top: 0px !important;padding-bottom: 0px !important;}&#8221;][vc_raw_html]JTNDcCUyMGNsYXNzJTNEJTIyZGV0YWxsZXMlMjIlM0VCZWRyb29tcyUzQyUyRnAlM0U=[\/vc_raw_html][vc_column_text css=&#8221;.vc_custom_1748254807094{margin-top: 0px !important;margin-bottom: 0px !important;padding-top: 0px !important;padding-bottom: 0px !important;}&#8221;]6[\/vc_column_text][\/vc_column_inner][\/vc_row_inner][vc_row_inner el_class=&#8221;detall&#8221;][vc_column_inner css=&#8221;.vc_custom_1616663839958{margin-top: 0px !important;margin-bottom: 0px !important;padding-top: 0px !important;padding-bottom: 0px !important;}&#8221;][vc_raw_html]JTNDcCUyMGNsYXNzJTNEJTIyZGV0YWxsZXMlMjIlM0VCYXRocm9vbXMlM0MlMkZwJTNF[\/vc_raw_html][vc_column_text css=&#8221;.vc_custom_1748254814054{margin-top: 0px !important;margin-bottom: 0px !important;padding-top: 0px !important;padding-bottom: 0px !important;}&#8221;]3[\/vc_column_text][\/vc_column_inner][\/vc_row_inner][vc_row_inner el_class=&#8221;detall&#8221;][vc_column_inner css=&#8221;.vc_custom_1616663839958{margin-top: 0px !important;margin-bottom: 0px !important;padding-top: 0px !important;padding-bottom: 0px !important;}&#8221;][vc_raw_html]JTNDcCUyMGNsYXNzJTNEJTIyZGV0YWxsZXMlMjIlM0VHcm9zcyUyMEludGVybmFsJTIwQXJlYSUzQyUyRnAlM0U=[\/vc_raw_html][vc_column_text css=&#8221;.vc_custom_1748254822134{margin-top: 0px !important;margin-bottom: 0px !important;padding-top: 0px !important;padding-bottom: 0px !important;}&#8221;]334m2[\/vc_column_text][vc_column_text css=&#8221;.vc_custom_1775031664736{margin-top: 0px !important;margin-bottom: 0px !important;padding-top: 0px !important;padding-bottom: 0px !important;}&#8221;]A 334 m2 house on a 1,212 m2 plot.<br \/>\nOn the ground floor, we find a spacious entrance hall with a wooden staircase leading to the upper floor. On this floor, in the living area, there is a large living-dining room with two clearly differentiated areas, surrounded by windows that let in plenty of natural light and enjoy views of the garden. From the living room, you can access a beautiful terrace, right next to which is the terrace.<br \/>\nOn this same floor, we have an office, two bedrooms with built-in wardrobes, and a full bathroom with a shower and utility area.<br \/>\nOn the first floor, we have an open-plan room ideal for a game room, study room, etc., a suite with a dressing room and bathroom, two double bedrooms, and a full bathroom.<br \/>\nBasement: Garage for two cars, machine room, and storage room.<br \/>\nFantastic porch for dining al fresco.<br \/>\nThe house is surrounded by a beautiful and very private garden.<br \/>\nPerfect location in one of the best areas of Bellaterra, just steps from the Bellaterra train station with all services and less than 5 minutes from highway access.<br \/>\nThe house is in impeccable condition, ready to move in.<\/p>\n<p>LOCATION DESCRIPTION:<\/p>\n<p>Bellaterra is located in the best strategic location in Vall\u00e8s, between the towns of Sant Cugat, Sabadell, Sant Quirze, and Cerdanyola. With direct access to the C-58 and AP-7\/B-30 motorways, it allows access to Barcelona in less than 12 and 20 minutes, respectively. Surrounded by universities (UAB, UIC, and ESADE), the most prestigious international schools (\u00c1gora, Europa International School, Waldof Steiner School, Vall, Viar\u00f3, Japanese School of Barcelona, \u200b\u200betc.), sports centers (C\u00edrculo Sabadell\u00e9s, SAF of the UAB, Vall\u00e8s Golf Course, etc.), and business parks (Pol\u00edgono Industrial Can Sant Joan in Sant Cugat, Parque Tecnol\u00f3gico del Vall\u00e8s in Cerdanyola, etc.), it is also 5 minutes from hospitals (Parque Tauli, General Hospital of Catalonia), shopping and leisure centers (IKEA, Corte Ingl\u00e9s, cinemas, etc.). All this makes this location a privileged place to combine work and family life in a natural setting.<\/p>\n<p>&nbsp;<\/p>\n<p>ITP taxes, notary and registry fees not included in the price.<\/p>\n<p>The owner is NOT a large holder.<\/p>\n<p>AICAT registration number 1214<\/p>\n<p>API member 2677<\/p>\n<p>&nbsp;<\/p>\n<p>The product is promoted by MASIFILL, which has been managing properties since 1932.<br \/>\nContact person: Carmen Hern\u00e1ndez 660 648 479.[\/vc_column_text][vc_column_text css=&#8221;.vc_custom_1662994480264{margin-top: 0px !important;margin-bottom: 0px !important;padding-top: 0px !important;padding-bottom: 0px !important;}&#8221;][\/vc_column_text][vc_column_text css=&#8221;.vc_custom_1630670519844{margin-top: 0px !important;margin-bottom: 0px !important;padding-top: 0px !important;padding-bottom: 0px !important;}&#8221;][\/vc_column_text][vc_column_text css=&#8221;.vc_custom_1630670532215{margin-top: 0px !important;margin-bottom: 0px !important;padding-top: 0px !important;padding-bottom: 0px !important;}&#8221;][\/vc_column_text][vc_column_text css=&#8221;.vc_custom_1630670544513{margin-top: 0px !important;margin-bottom: 0px !important;padding-top: 0px !important;padding-bottom: 0px !important;}&#8221;][\/vc_column_text][vc_column_text css=&#8221;.vc_custom_1630670553528{margin-top: 0px !important;margin-bottom: 0px !important;padding-top: 0px !important;padding-bottom: 0px !important;}&#8221;][\/vc_column_text][vc_column_text css=&#8221;.vc_custom_1630670562095{margin-top: 0px !important;margin-bottom: 0px !important;padding-top: 0px !important;padding-bottom: 0px !important;}&#8221;][\/vc_column_text][\/vc_column_inner][\/vc_row_inner][\/vc_column][vc_column width=&#8221;1\/2&#8243;][vc_gallery type=&#8221;image_grid&#8221; images=&#8221;9932,9933,9934,9935,9936,9937,9938,9939,9940,9941,9942,9943,9944,9945,9946,9947,9948,9949,9950,9951,9952,9953,9954,9955,9956,9957,9958,9959,9960,9961,9962,9963,9964,9965,9966,9967,9968,9969&#8243; img_size=&#8221;full&#8221;][\/vc_column][\/vc_row][vc_row][vc_column][vc_empty_space height=&#8221;60px&#8221;][\/vc_column][\/vc_row][vc_row][vc_column]\n<div class=\"wpcf7 no-js\" id=\"wpcf7-f609-o1\" lang=\"en-US\" dir=\"ltr\" data-wpcf7-id=\"609\">\n<div class=\"screen-reader-response\"><p role=\"status\" aria-live=\"polite\" aria-atomic=\"true\"><\/p> <ul><\/ul><\/div>\n<form action=\"\/en\/wp-json\/wp\/v2\/pages\/9930#wpcf7-f609-o1\" method=\"post\" class=\"wpcf7-form init\" aria-label=\"Contact form\" novalidate=\"novalidate\" data-status=\"init\">\n<fieldset class=\"hidden-fields-container\"><input type=\"hidden\" name=\"_wpcf7\" value=\"609\" \/><input type=\"hidden\" name=\"_wpcf7_version\" value=\"6.1.2\" \/><input type=\"hidden\" name=\"_wpcf7_locale\" value=\"en_US\" \/><input type=\"hidden\" name=\"_wpcf7_unit_tag\" value=\"wpcf7-f609-o1\" \/><input type=\"hidden\" name=\"_wpcf7_container_post\" value=\"0\" \/><input type=\"hidden\" name=\"_wpcf7_posted_data_hash\" value=\"\" \/>\n<\/fieldset>\n<div class=\"formcontact\">\n\t<h4>More information\n\t<\/h4>\n<\/div>\n<div class=\"qodef-two-columns-50-50\">\n\t<div class=\"qodef-two-columns-50-50-inner\">\n\t\t<div class=\"qodef-column\">\n\t\t\t<div class=\"qodef-column-inner\">\n\t\t\t\t<p><span class=\"wpcf7-form-control-wrap\" data-name=\"your-name\"><input size=\"40\" maxlength=\"400\" class=\"wpcf7-form-control wpcf7-text wpcf7-validates-as-required\" aria-required=\"true\" aria-invalid=\"false\" placeholder=\"First name\" value=\"\" type=\"text\" name=\"your-name\" \/><\/span>\n\t\t\t\t<\/p>\n\t\t\t<\/div>\n\t\t<\/div>\n\t\t<div class=\"qodef-column\">\n\t\t\t<div class=\"qodef-column-inner\">\n\t\t\t\t<p><span class=\"wpcf7-form-control-wrap\" data-name=\"your-surname\"><input size=\"40\" maxlength=\"400\" class=\"wpcf7-form-control wpcf7-text wpcf7-validates-as-required\" aria-required=\"true\" aria-invalid=\"false\" placeholder=\"Surname\" value=\"\" type=\"text\" name=\"your-surname\" \/><\/span>\n\t\t\t\t<\/p>\n\t\t\t<\/div>\n\t\t<\/div>\n\t<\/div>\n<\/div>\n<div class=\"qodef-two-columns-50-50\">\n\t<div class=\"qodef-two-columns-50-50-inner\">\n\t\t<div class=\"qodef-column\">\n\t\t\t<div class=\"qodef-column-inner\">\n\t\t\t\t<p><span class=\"wpcf7-form-control-wrap\" data-name=\"your-phone\"><input size=\"40\" maxlength=\"400\" class=\"wpcf7-form-control wpcf7-text wpcf7-validates-as-required\" aria-required=\"true\" aria-invalid=\"false\" placeholder=\"Phone\" value=\"\" type=\"text\" name=\"your-phone\" \/><\/span>\n\t\t\t\t<\/p>\n\t\t\t<\/div>\n\t\t<\/div>\n\t\t<div class=\"qodef-column\">\n\t\t\t<div class=\"qodef-column-inner\">\n\t\t\t\t<p><span class=\"wpcf7-form-control-wrap\" data-name=\"your-email\"><input size=\"40\" maxlength=\"400\" class=\"wpcf7-form-control wpcf7-email wpcf7-validates-as-required wpcf7-text wpcf7-validates-as-email\" aria-required=\"true\" aria-invalid=\"false\" placeholder=\"Email\" value=\"\" type=\"email\" name=\"your-email\" \/><\/span>\n\t\t\t\t<\/p>\n\t\t\t<\/div>\n\t\t<\/div>\n\t<\/div>\n<\/div>\n<div>\n\t<div>\n\t\t<p><span class=\"wpcf7-form-control-wrap\" data-name=\"your-message\"><textarea cols=\"40\" rows=\"10\" maxlength=\"2000\" class=\"wpcf7-form-control wpcf7-textarea\" aria-invalid=\"false\" placeholder=\"Message\" name=\"your-message\"><\/textarea><\/span>\n\t\t<\/p>\n\t<\/div>\n\t<div>\n\t\t<p><input class=\"wpcf7-form-control wpcf7-submit has-spinner\" type=\"submit\" value=\"Send\" \/>\n\t\t<\/p>\n\t<\/div>\n<\/div><p style=\"display: none !important;\" class=\"akismet-fields-container\" data-prefix=\"_wpcf7_ak_\"><label>&#916;<textarea name=\"_wpcf7_ak_hp_textarea\" cols=\"45\" rows=\"8\" maxlength=\"100\"><\/textarea><\/label><input type=\"hidden\" id=\"ak_js_1\" name=\"_wpcf7_ak_js\" value=\"161\"\/><script>document.getElementById( \"ak_js_1\" ).setAttribute( \"value\", ( new Date() ).getTime() );<\/script><\/p><div class=\"wpcf7-response-output\" aria-hidden=\"true\"><\/div>\n<\/form>\n<\/div>\n[\/vc_column][\/vc_row][vc_row][vc_column][vc_empty_space height=&#8221;100px&#8221;][\/vc_column][\/vc_row]<\/p>\n<\/div>","protected":false},"excerpt":{"rendered":"<p>[vc_row css=&#8221;.vc_custom_1616662559700{margin-top: 0px !important;margin-bottom: 0px !important;padding-top: 0px !important;padding-bottom: 0px !important;}&#8221;][vc_column css=&#8221;.vc_custom_1616662336883{margin-top: 0px !important;margin-bottom: 0px !important;padding-top: 0px !important;padding-bottom: 0px !important;}&#8221;][vc_raw_html]JTNDcCUyMGNsYXNzJTNEJTIycG9ibGFjaW8yJTIyJTNFJTIwQmVsbGF0ZXJyYSUyQyUyMEJhcmNlbG9uYSUzQyUyRnAlM0U=[\/vc_raw_html][\/vc_column][\/vc_row][vc_row el_class=&#8221;nom&#8221; css=&#8221;.vc_custom_1616662858073{margin-top: 0px !important;margin-bottom: 0px !important;padding-top: 0px !important;padding-bottom: 0px !important;}&#8221;][vc_column css=&#8221;.vc_custom_1616662342299{margin-top: 0px !important;margin-bottom: 0px !important;padding-top: 0px !important;padding-bottom: 0px !important;}&#8221;][vc_column_text css=&#8221;.vc_custom_1748254787344{margin-top: 0px !important;margin-bottom: 0px !important;padding-top: 0px !important;padding-bottom:&#8230;<\/p>\n","protected":false},"author":2,"featured_media":0,"parent":2714,"menu_order":0,"comment_status":"closed","ping_status":"closed","template":"","meta":{"_acf_changed":false,"footnotes":"","_links_to":"","_links_to_target":""},"class_list":["post-9930","page","type-page","status-publish","hentry"],"acf":[],"aioseo_notices":[],"_links":{"self":[{"href":"https:\/\/premiumbymasifill.com\/en\/wp-json\/wp\/v2\/pages\/9930","targetHints":{"allow":["GET"]}}],"collection":[{"href":"https:\/\/premiumbymasifill.com\/en\/wp-json\/wp\/v2\/pages"}],"about":[{"href":"https:\/\/premiumbymasifill.com\/en\/wp-json\/wp\/v2\/types\/page"}],"author":[{"embeddable":true,"href":"https:\/\/premiumbymasifill.com\/en\/wp-json\/wp\/v2\/users\/2"}],"replies":[{"embeddable":true,"href":"https:\/\/premiumbymasifill.com\/en\/wp-json\/wp\/v2\/comments?post=9930"}],"version-history":[{"count":13,"href":"https:\/\/premiumbymasifill.com\/en\/wp-json\/wp\/v2\/pages\/9930\/revisions"}],"predecessor-version":[{"id":19584,"href":"https:\/\/premiumbymasifill.com\/en\/wp-json\/wp\/v2\/pages\/9930\/revisions\/19584"}],"up":[{"embeddable":true,"href":"https:\/\/premiumbymasifill.com\/en\/wp-json\/wp\/v2\/pages\/2714"}],"wp:attachment":[{"href":"https:\/\/premiumbymasifill.com\/en\/wp-json\/wp\/v2\/media?parent=9930"}],"curies":[{"name":"wp","href":"https:\/\/api.w.org\/{rel}","templated":true}]}}