{"id":2720,"date":"2017-09-29T11:42:14","date_gmt":"2017-09-29T11:42:14","guid":{"rendered":"http:\/\/premiumbymasifill.com\/?page_id=2720"},"modified":"2017-11-20T13:53:31","modified_gmt":"2017-11-20T13:53:31","slug":"blog","status":"publish","type":"page","link":"https:\/\/premiumbymasifill.com\/en\/blog\/","title":{"rendered":"Blog"},"content":{"rendered":"<div class=\"wpb-content-wrapper\"><p>[vc_row css=&#8221;.vc_custom_1511186002524{margin-bottom: 40px !important;}&#8221;][vc_column]<div class=\"qodef-blog-list-holder qodef-boxes qodef-three-columns\">\n\t<ul class=\"qodef-blog-list\">\n\t<li class=\"qodef-blog-list-item clearfix\">\n\t<div class=\"qodef-blog-list-item-inner\">\n\t\t<div class=\"qodef-item-image\">\n\t\t\t<a href=\"https:\/\/premiumbymasifill.com\/en\/otono-premium-homes-masifill\/\">\n\t\t\t\t<img loading=\"lazy\" decoding=\"async\" width=\"800\" height=\"600\" src=\"https:\/\/premiumbymasifill.com\/wp-content\/uploads\/2022\/11\/Oton\u0303o_premiumhomes_masifill-800x600.jpg\" class=\"attachment-grafik_qodef_landscape size-grafik_qodef_landscape wp-post-image\" alt=\"\" \/>\t\t\t\t\n\t\t\t<\/a>\n\t\t<\/div>\n\t\t<div class=\"qodef-item-text-holder\">\n\t\t\t<div class=\"qodef-item-info-section\">\n\t\t\t\t<div class=\"qodef-post-info-date\">\n\t\n\t\tNovember\n\t\t<\/div><div class=\"qodef-post-info-author\">by <a class=\"qodef-post-info-author-link\" href=\"https:\/\/premiumbymasifill.com\/en\/author\/editorpremium\/\">Editorpremium<span class=\"qodef-title-author-underline\"><\/span><\/a><\/div>\n\t\t\t<\/div>\n\t\t\t<h3 class=\"qodef-item-title\">\n\t\t\t\t<a href=\"https:\/\/premiumbymasifill.com\/en\/otono-premium-homes-masifill\/\" >\n\t\t\t\t\tAutumn in Premium Homes by MASIFILL\t\t\t\t<\/a>\n\t\t\t<\/h3>\n\t\t\t\t\t\t\t<p class=\"qodef-excerpt\">It is already autumn at Premium Homes by MASIFILL, and we would like to take the opportunity to mention...<\/p>\n\t\t\t\t\t<\/div>\n\t<\/div>\t\n<\/li><li class=\"qodef-blog-list-item clearfix\">\n\t<div class=\"qodef-blog-list-item-inner\">\n\t\t<div class=\"qodef-item-image\">\n\t\t\t<a href=\"https:\/\/premiumbymasifill.com\/en\/otono-premium-homes-masifill-2\/\">\n\t\t\t\t<img loading=\"lazy\" decoding=\"async\" width=\"800\" height=\"600\" src=\"https:\/\/premiumbymasifill.com\/wp-content\/uploads\/2022\/11\/Platas_Oton\u0303o_premiumhomes_masifill-800x600.jpg\" class=\"attachment-grafik_qodef_landscape size-grafik_qodef_landscape wp-post-image\" alt=\"\" \/>\t\t\t\t\n\t\t\t<\/a>\n\t\t<\/div>\n\t\t<div class=\"qodef-item-text-holder\">\n\t\t\t<div class=\"qodef-item-info-section\">\n\t\t\t\t<div class=\"qodef-post-info-date\">\n\t\n\t\tNovember\n\t\t<\/div><div class=\"qodef-post-info-author\">by <a class=\"qodef-post-info-author-link\" href=\"https:\/\/premiumbymasifill.com\/en\/author\/editorpremium\/\">Editorpremium<span class=\"qodef-title-author-underline\"><\/span><\/a><\/div>\n\t\t\t<\/div>\n\t\t\t<h3 class=\"qodef-item-title\">\n\t\t\t\t<a href=\"https:\/\/premiumbymasifill.com\/en\/otono-premium-homes-masifill-2\/\" >\n\t\t\t\t\tAutumn plants to decorate your home\t\t\t\t<\/a>\n\t\t\t<\/h3>\n\t\t\t\t\t\t\t<p class=\"qodef-excerpt\">Now that autumn is here, here is a small compilation of plants and flowers...<\/p>\n\t\t\t\t\t<\/div>\n\t<\/div>\t\n<\/li><li class=\"qodef-blog-list-item clearfix\">\n\t<div class=\"qodef-blog-list-item-inner\">\n\t\t<div class=\"qodef-item-image\">\n\t\t\t<a href=\"https:\/\/premiumbymasifill.com\/en\/la-venta-de-viviendas-de-lujo-se-dispara-un-27\/\">\n\t\t\t\t<img loading=\"lazy\" decoding=\"async\" width=\"800\" height=\"600\" src=\"https:\/\/premiumbymasifill.com\/wp-content\/uploads\/2018\/09\/luxury-art-deco-apartment-interior-800x600.jpg\" class=\"attachment-grafik_qodef_landscape size-grafik_qodef_landscape wp-post-image\" alt=\"\" \/>\t\t\t\t\n\t\t\t<\/a>\n\t\t<\/div>\n\t\t<div class=\"qodef-item-text-holder\">\n\t\t\t<div class=\"qodef-item-info-section\">\n\t\t\t\t<div class=\"qodef-post-info-date\">\n\t\n\t\tSeptember\n\t\t<\/div><div class=\"qodef-post-info-author\">by <a class=\"qodef-post-info-author-link\" href=\"https:\/\/premiumbymasifill.com\/en\/author\/editorpremium\/\">Editorpremium<span class=\"qodef-title-author-underline\"><\/span><\/a><\/div>\n\t\t\t<\/div>\n\t\t\t<h3 class=\"qodef-item-title\">\n\t\t\t\t<a href=\"https:\/\/premiumbymasifill.com\/en\/la-venta-de-viviendas-de-lujo-se-dispara-un-27\/\" >\n\t\t\t\t\tThe sale of luxury homes soars 27%\t\t\t\t<\/a>\n\t\t\t<\/h3>\n\t\t\t\t\t\t\t<p class=\"qodef-excerpt\">Source: Expansi\u00f3n, August 26, 2018...<\/p>\n\t\t\t\t\t<\/div>\n\t<\/div>\t\n<\/li><li class=\"qodef-blog-list-item clearfix\">\n\t<div class=\"qodef-blog-list-item-inner\">\n\t\t<div class=\"qodef-item-image\">\n\t\t\t<a href=\"https:\/\/premiumbymasifill.com\/en\/como-convertir-tu-terraza-en-un-espacio-chill-out\/\">\n\t\t\t\t<img loading=\"lazy\" decoding=\"async\" width=\"800\" height=\"600\" src=\"https:\/\/premiumbymasifill.com\/wp-content\/uploads\/2018\/09\/BLOG-800x600.png\" class=\"attachment-grafik_qodef_landscape size-grafik_qodef_landscape wp-post-image\" alt=\"\" \/>\t\t\t\t\n\t\t\t<\/a>\n\t\t<\/div>\n\t\t<div class=\"qodef-item-text-holder\">\n\t\t\t<div class=\"qodef-item-info-section\">\n\t\t\t\t<div class=\"qodef-post-info-date\">\n\t\n\t\tJuly\n\t\t<\/div><div class=\"qodef-post-info-author\">by <a class=\"qodef-post-info-author-link\" href=\"https:\/\/premiumbymasifill.com\/en\/author\/editorpremium\/\">Editorpremium<span class=\"qodef-title-author-underline\"><\/span><\/a><\/div>\n\t\t\t<\/div>\n\t\t\t<h3 class=\"qodef-item-title\">\n\t\t\t\t<a href=\"https:\/\/premiumbymasifill.com\/en\/como-convertir-tu-terraza-en-un-espacio-chill-out\/\" >\n\t\t\t\t\tHow to turn your terrace into a &#8216;Chill Out&#8217; space\t\t\t\t<\/a>\n\t\t\t<\/h3>\n\t\t\t\t\t\t\t<p class=\"qodef-excerpt\">Do you want the terrace of your apartment to be the envy of your neighbors?...<\/p>\n\t\t\t\t\t<\/div>\n\t<\/div>\t\n<\/li><li class=\"qodef-blog-list-item clearfix\">\n\t<div class=\"qodef-blog-list-item-inner\">\n\t\t<div class=\"qodef-item-image\">\n\t\t\t<a href=\"https:\/\/premiumbymasifill.com\/en\/reforma-y-ampliacion-de-vivienda-unifamiliar-aislada-en-castelldefels\/\">\n\t\t\t\t<img loading=\"lazy\" decoding=\"async\" width=\"353\" height=\"264\" src=\"https:\/\/premiumbymasifill.com\/wp-content\/uploads\/2018\/05\/2.jpg\" class=\"attachment-grafik_qodef_landscape size-grafik_qodef_landscape wp-post-image\" alt=\"\" srcset=\"https:\/\/premiumbymasifill.com\/wp-content\/uploads\/2018\/05\/2.jpg 353w, https:\/\/premiumbymasifill.com\/wp-content\/uploads\/2018\/05\/2-300x224.jpg 300w\" sizes=\"auto, (max-width: 353px) 100vw, 353px\" \/>\t\t\t\t\n\t\t\t<\/a>\n\t\t<\/div>\n\t\t<div class=\"qodef-item-text-holder\">\n\t\t\t<div class=\"qodef-item-info-section\">\n\t\t\t\t<div class=\"qodef-post-info-date\">\n\t\n\t\tMay\n\t\t<\/div><div class=\"qodef-post-info-author\">by <a class=\"qodef-post-info-author-link\" href=\"https:\/\/premiumbymasifill.com\/en\/author\/editorpremium\/\">Editorpremium<span class=\"qodef-title-author-underline\"><\/span><\/a><\/div>\n\t\t\t<\/div>\n\t\t\t<h3 class=\"qodef-item-title\">\n\t\t\t\t<a href=\"https:\/\/premiumbymasifill.com\/en\/reforma-y-ampliacion-de-vivienda-unifamiliar-aislada-en-castelldefels\/\" >\n\t\t\t\t\tRenovation and extension of a detached house in Castelldefels\t\t\t\t<\/a>\n\t\t\t<\/h3>\n\t\t\t\t\t\t\t<p class=\"qodef-excerpt\">Albert Hueto\r\n\r\nProject and Works Management\r\n\r\nalberthueto@hotmail.com...<\/p>\n\t\t\t\t\t<\/div>\n\t<\/div>\t\n<\/li><li class=\"qodef-blog-list-item clearfix\">\n\t<div class=\"qodef-blog-list-item-inner\">\n\t\t<div class=\"qodef-item-image\">\n\t\t\t<a href=\"https:\/\/premiumbymasifill.com\/en\/premium-homes-llega-a-un-acuerdo-de-colaboracion-con-el-grupo-od\/\">\n\t\t\t\t<img loading=\"lazy\" decoding=\"async\" width=\"800\" height=\"600\" src=\"https:\/\/premiumbymasifill.com\/wp-content\/uploads\/2018\/04\/PORTADA-HABITATGE-SARRIA-1-1-800x600.jpg\" class=\"attachment-grafik_qodef_landscape size-grafik_qodef_landscape wp-post-image\" alt=\"\" \/>\t\t\t\t\n\t\t\t<\/a>\n\t\t<\/div>\n\t\t<div class=\"qodef-item-text-holder\">\n\t\t\t<div class=\"qodef-item-info-section\">\n\t\t\t\t<div class=\"qodef-post-info-date\">\n\t\n\t\tApril\n\t\t<\/div><div class=\"qodef-post-info-author\">by <a class=\"qodef-post-info-author-link\" href=\"https:\/\/premiumbymasifill.com\/en\/author\/editorpremium\/\">Editorpremium<span class=\"qodef-title-author-underline\"><\/span><\/a><\/div>\n\t\t\t<\/div>\n\t\t\t<h3 class=\"qodef-item-title\">\n\t\t\t\t<a href=\"https:\/\/premiumbymasifill.com\/en\/premium-homes-llega-a-un-acuerdo-de-colaboracion-con-el-grupo-od\/\" >\n\t\t\t\t\tPremium Homes by MASIFILL reaches a collaboration agreement with Grupo OD\t\t\t\t<\/a>\n\t\t\t<\/h3>\n\t\t\t\t\t\t\t<p class=\"qodef-excerpt\">for the commercialization of its exclusive luxury properties in Ibiza and Mallora. The magazine Habitatge dedicates in i...<\/p>\n\t\t\t\t\t<\/div>\n\t<\/div>\t\n<\/li><li class=\"qodef-blog-list-item clearfix\">\n\t<div class=\"qodef-blog-list-item-inner\">\n\t\t<div class=\"qodef-item-image\">\n\t\t\t<a href=\"https:\/\/premiumbymasifill.com\/en\/decorar-tu-casa-segun-principios-feng-shui\/\">\n\t\t\t\t<img loading=\"lazy\" decoding=\"async\" width=\"800\" height=\"600\" src=\"https:\/\/premiumbymasifill.com\/wp-content\/uploads\/2018\/03\/BLOG-1.jpg\" class=\"attachment-grafik_qodef_landscape size-grafik_qodef_landscape wp-post-image\" alt=\"\" srcset=\"https:\/\/premiumbymasifill.com\/wp-content\/uploads\/2018\/03\/BLOG-1.jpg 800w, https:\/\/premiumbymasifill.com\/wp-content\/uploads\/2018\/03\/BLOG-1-300x225.jpg 300w, https:\/\/premiumbymasifill.com\/wp-content\/uploads\/2018\/03\/BLOG-1-768x576.jpg 768w\" sizes=\"auto, (max-width: 800px) 100vw, 800px\" \/>\t\t\t\t\n\t\t\t<\/a>\n\t\t<\/div>\n\t\t<div class=\"qodef-item-text-holder\">\n\t\t\t<div class=\"qodef-item-info-section\">\n\t\t\t\t<div class=\"qodef-post-info-date\">\n\t\n\t\tMarch\n\t\t<\/div><div class=\"qodef-post-info-author\">by <a class=\"qodef-post-info-author-link\" href=\"https:\/\/premiumbymasifill.com\/en\/author\/editorpremium\/\">Editorpremium<span class=\"qodef-title-author-underline\"><\/span><\/a><\/div>\n\t\t\t<\/div>\n\t\t\t<h3 class=\"qodef-item-title\">\n\t\t\t\t<a href=\"https:\/\/premiumbymasifill.com\/en\/decorar-tu-casa-segun-principios-feng-shui\/\" >\n\t\t\t\t\tDecorate your home according to the basic principles of Feng Shui\t\t\t\t<\/a>\n\t\t\t<\/h3>\n\t\t\t\t\t\t\t<p class=\"qodef-excerpt\">Decorating your home in the tradition of Feng Shui could make your mood improve and positive energy spread throughout yo...<\/p>\n\t\t\t\t\t<\/div>\n\t<\/div>\t\n<\/li><li class=\"qodef-blog-list-item clearfix\">\n\t<div class=\"qodef-blog-list-item-inner\">\n\t\t<div class=\"qodef-item-image\">\n\t\t\t<a href=\"https:\/\/premiumbymasifill.com\/en\/la-venta-de-viviendas-crece-el-11-en-un-ano-y-sus-precios-suben-el-44-2-2\/\">\n\t\t\t\t<img loading=\"lazy\" decoding=\"async\" width=\"800\" height=\"600\" src=\"https:\/\/premiumbymasifill.com\/wp-content\/uploads\/2018\/01\/BLOG.jpg\" class=\"attachment-grafik_qodef_landscape size-grafik_qodef_landscape wp-post-image\" alt=\"\" srcset=\"https:\/\/premiumbymasifill.com\/wp-content\/uploads\/2018\/01\/BLOG.jpg 800w, https:\/\/premiumbymasifill.com\/wp-content\/uploads\/2018\/01\/BLOG-300x225.jpg 300w, https:\/\/premiumbymasifill.com\/wp-content\/uploads\/2018\/01\/BLOG-768x576.jpg 768w\" sizes=\"auto, (max-width: 800px) 100vw, 800px\" \/>\t\t\t\t\n\t\t\t<\/a>\n\t\t<\/div>\n\t\t<div class=\"qodef-item-text-holder\">\n\t\t\t<div class=\"qodef-item-info-section\">\n\t\t\t\t<div class=\"qodef-post-info-date\">\n\t\n\t\tJanuary\n\t\t<\/div><div class=\"qodef-post-info-author\">by <a class=\"qodef-post-info-author-link\" href=\"https:\/\/premiumbymasifill.com\/en\/author\/editorpremium\/\">Editorpremium<span class=\"qodef-title-author-underline\"><\/span><\/a><\/div>\n\t\t\t<\/div>\n\t\t\t<h3 class=\"qodef-item-title\">\n\t\t\t\t<a href=\"https:\/\/premiumbymasifill.com\/en\/la-venta-de-viviendas-crece-el-11-en-un-ano-y-sus-precios-suben-el-44-2-2\/\" >\n\t\t\t\t\tFive keys to revalue a house in 2018\t\t\t\t<\/a>\n\t\t\t<\/h3>\n\t\t\t\t\t\t\t<p class=\"qodef-excerpt\">The forecasts of the different banking entities suggest that the purchase of housing will increase by 2018 between 5% an...<\/p>\n\t\t\t\t\t<\/div>\n\t<\/div>\t\n<\/li><li class=\"qodef-blog-list-item clearfix\">\n\t<div class=\"qodef-blog-list-item-inner\">\n\t\t<div class=\"qodef-item-image\">\n\t\t\t<a href=\"https:\/\/premiumbymasifill.com\/en\/la-venta-de-viviendas-crece-el-11-en-un-ano-y-sus-precios-suben-el-44-2-2-2\/\">\n\t\t\t\t<img loading=\"lazy\" decoding=\"async\" width=\"800\" height=\"600\" src=\"https:\/\/premiumbymasifill.com\/wp-content\/uploads\/2017\/12\/BLOG-800x600.jpg\" class=\"attachment-grafik_qodef_landscape size-grafik_qodef_landscape wp-post-image\" alt=\"\" \/>\t\t\t\t\n\t\t\t<\/a>\n\t\t<\/div>\n\t\t<div class=\"qodef-item-text-holder\">\n\t\t\t<div class=\"qodef-item-info-section\">\n\t\t\t\t<div class=\"qodef-post-info-date\">\n\t\n\t\tDecember\n\t\t<\/div><div class=\"qodef-post-info-author\">by <a class=\"qodef-post-info-author-link\" href=\"https:\/\/premiumbymasifill.com\/en\/author\/editorpremium\/\">Editorpremium<span class=\"qodef-title-author-underline\"><\/span><\/a><\/div>\n\t\t\t<\/div>\n\t\t\t<h3 class=\"qodef-item-title\">\n\t\t\t\t<a href=\"https:\/\/premiumbymasifill.com\/en\/la-venta-de-viviendas-crece-el-11-en-un-ano-y-sus-precios-suben-el-44-2-2-2\/\" >\n\t\t\t\t\tThe problems of overpriced homes\t\t\t\t<\/a>\n\t\t\t<\/h3>\n\t\t\t\t\t\t\t<p class=\"qodef-excerpt\">At the time of placing a home for sale, many homeowners think that it is always time to lower the price......<\/p>\n\t\t\t\t\t<\/div>\n\t<\/div>\t\n<\/li><li class=\"qodef-blog-list-item clearfix\">\n\t<div class=\"qodef-blog-list-item-inner\">\n\t\t<div class=\"qodef-item-image\">\n\t\t\t<a href=\"https:\/\/premiumbymasifill.com\/en\/la-venta-de-viviendas-crece-el-11-en-un-ano-y-sus-precios-suben-el-44-2\/\">\n\t\t\t\t<img loading=\"lazy\" decoding=\"async\" width=\"800\" height=\"600\" src=\"https:\/\/premiumbymasifill.com\/wp-content\/uploads\/2017\/10\/masifill_85anys-800x600.jpg\" class=\"attachment-grafik_qodef_landscape size-grafik_qodef_landscape wp-post-image\" alt=\"\" \/>\t\t\t\t\n\t\t\t<\/a>\n\t\t<\/div>\n\t\t<div class=\"qodef-item-text-holder\">\n\t\t\t<div class=\"qodef-item-info-section\">\n\t\t\t\t<div class=\"qodef-post-info-date\">\n\t\n\t\tNovember\n\t\t<\/div><div class=\"qodef-post-info-author\">by <a class=\"qodef-post-info-author-link\" href=\"https:\/\/premiumbymasifill.com\/en\/author\/editorpremium\/\">Editorpremium<span class=\"qodef-title-author-underline\"><\/span><\/a><\/div>\n\t\t\t<\/div>\n\t\t\t<h3 class=\"qodef-item-title\">\n\t\t\t\t<a href=\"https:\/\/premiumbymasifill.com\/en\/la-venta-de-viviendas-crece-el-11-en-un-ano-y-sus-precios-suben-el-44-2\/\" >\n\t\t\t\t\tInterview with Aureli Mas, General Manager of MASIFILL Patrimonia\t\t\t\t<\/a>\n\t\t\t<\/h3>\n\t\t\t\t\t\t\t<p class=\"qodef-excerpt\">La Vanguardia. Architecture and construction special on the occasion of the 21st edition of Barcelona Meeting Point...<\/p>\n\t\t\t\t\t<\/div>\n\t<\/div>\t\n<\/li><li class=\"qodef-blog-list-item clearfix\">\n\t<div class=\"qodef-blog-list-item-inner\">\n\t\t<div class=\"qodef-item-image\">\n\t\t\t<a href=\"https:\/\/premiumbymasifill.com\/en\/la-venta-de-viviendas-crece-el-11-en-un-ano-y-sus-precios-suben-el-44\/\">\n\t\t\t\t<img loading=\"lazy\" decoding=\"async\" width=\"800\" height=\"600\" src=\"https:\/\/premiumbymasifill.com\/wp-content\/uploads\/2017\/10\/PremiumHomes_Compraventa-800x600.jpg\" class=\"attachment-grafik_qodef_landscape size-grafik_qodef_landscape wp-post-image\" alt=\"\" \/>\t\t\t\t\n\t\t\t<\/a>\n\t\t<\/div>\n\t\t<div class=\"qodef-item-text-holder\">\n\t\t\t<div class=\"qodef-item-info-section\">\n\t\t\t\t<div class=\"qodef-post-info-date\">\n\t\n\t\tOctober\n\t\t<\/div><div class=\"qodef-post-info-author\">by <a class=\"qodef-post-info-author-link\" href=\"https:\/\/premiumbymasifill.com\/en\/author\/admin\/\">admin<span class=\"qodef-title-author-underline\"><\/span><\/a><\/div>\n\t\t\t<\/div>\n\t\t\t<h3 class=\"qodef-item-title\">\n\t\t\t\t<a href=\"https:\/\/premiumbymasifill.com\/en\/la-venta-de-viviendas-crece-el-11-en-un-ano-y-sus-precios-suben-el-44\/\" >\n\t\t\t\t\tHome sales increase by 11% in one year and prices rise by 4.4%\t\t\t\t<\/a>\n\t\t\t<\/h3>\n\t\t\t\t\t\t\t<p class=\"qodef-excerpt\">El Peri\u00f3dico. Economy section 29\/8\/2017 Source: Property register. &nbsp; According to data from Spain\u2019s real estate ...<\/p>\n\t\t\t\t\t<\/div>\n\t<\/div>\t\n<\/li><li class=\"qodef-blog-list-item clearfix\">\n\t<div class=\"qodef-blog-list-item-inner\">\n\t\t<div class=\"qodef-item-image\">\n\t\t\t<a href=\"https:\/\/premiumbymasifill.com\/en\/designing-a-better-home-workspace-2-2-2-2\/\">\n\t\t\t\t<img loading=\"lazy\" decoding=\"async\" width=\"800\" height=\"600\" src=\"https:\/\/premiumbymasifill.com\/wp-content\/uploads\/2017\/10\/DSC_13451-800x600.jpg\" class=\"attachment-grafik_qodef_landscape size-grafik_qodef_landscape wp-post-image\" alt=\"\" \/>\t\t\t\t\n\t\t\t<\/a>\n\t\t<\/div>\n\t\t<div class=\"qodef-item-text-holder\">\n\t\t\t<div class=\"qodef-item-info-section\">\n\t\t\t\t<div class=\"qodef-post-info-date\">\n\t\n\t\tOctober\n\t\t<\/div><div class=\"qodef-post-info-author\">by <a class=\"qodef-post-info-author-link\" href=\"https:\/\/premiumbymasifill.com\/en\/author\/admin\/\">admin<span class=\"qodef-title-author-underline\"><\/span><\/a><\/div>\n\t\t\t<\/div>\n\t\t\t<h3 class=\"qodef-item-title\">\n\t\t\t\t<a href=\"https:\/\/premiumbymasifill.com\/en\/designing-a-better-home-workspace-2-2-2-2\/\" >\n\t\t\t\t\tMASIFILL signs sponsorship agreement with MatchGolf\t\t\t\t<\/a>\n\t\t\t<\/h3>\n\t\t\t\t\t\t\t<p class=\"qodef-excerpt\">MatchGolf is a company that organises sports events and offers golf enthusiasts the chance to participate in a golf tour...<\/p>\n\t\t\t\t\t<\/div>\n\t<\/div>\t\n<\/li><li class=\"qodef-blog-list-item clearfix\">\n\t<div class=\"qodef-blog-list-item-inner\">\n\t\t<div class=\"qodef-item-image\">\n\t\t\t<a href=\"https:\/\/premiumbymasifill.com\/en\/designing-a-better-home-workspace-2-2-2-2-2\/\">\n\t\t\t\t<img loading=\"lazy\" decoding=\"async\" width=\"800\" height=\"600\" src=\"https:\/\/premiumbymasifill.com\/wp-content\/uploads\/2017\/02\/PremiumHomes_AdquirirVivienda-800x600.jpg\" class=\"attachment-grafik_qodef_landscape size-grafik_qodef_landscape wp-post-image\" alt=\"\" \/>\t\t\t\t\n\t\t\t<\/a>\n\t\t<\/div>\n\t\t<div class=\"qodef-item-text-holder\">\n\t\t\t<div class=\"qodef-item-info-section\">\n\t\t\t\t<div class=\"qodef-post-info-date\">\n\t\n\t\tOctober\n\t\t<\/div><div class=\"qodef-post-info-author\">by <a class=\"qodef-post-info-author-link\" href=\"https:\/\/premiumbymasifill.com\/en\/author\/admin\/\">admin<span class=\"qodef-title-author-underline\"><\/span><\/a><\/div>\n\t\t\t<\/div>\n\t\t\t<h3 class=\"qodef-item-title\">\n\t\t\t\t<a href=\"https:\/\/premiumbymasifill.com\/en\/designing-a-better-home-workspace-2-2-2-2-2\/\" >\n\t\t\t\t\tHow can I purchase a home by saving time and money?\t\t\t\t<\/a>\n\t\t\t<\/h3>\n\t\t\t\t\t\t\t<p class=\"qodef-excerpt\">The figure of a real estate personal shopper has seen a major boom in recent years, although our European neighbours and...<\/p>\n\t\t\t\t\t<\/div>\n\t<\/div>\t\n<\/li><li class=\"qodef-blog-list-item clearfix\">\n\t<div class=\"qodef-blog-list-item-inner\">\n\t\t<div class=\"qodef-item-image\">\n\t\t\t<a href=\"https:\/\/premiumbymasifill.com\/en\/designing-a-better-home-workspace-2-2\/\">\n\t\t\t\t<img loading=\"lazy\" decoding=\"async\" width=\"800\" height=\"600\" src=\"https:\/\/premiumbymasifill.com\/wp-content\/uploads\/2017\/09\/PremiumHomes_orden-800x600.jpg\" class=\"attachment-grafik_qodef_landscape size-grafik_qodef_landscape wp-post-image\" alt=\"\" \/>\t\t\t\t\n\t\t\t<\/a>\n\t\t<\/div>\n\t\t<div class=\"qodef-item-text-holder\">\n\t\t\t<div class=\"qodef-item-info-section\">\n\t\t\t\t<div class=\"qodef-post-info-date\">\n\t\n\t\tSeptember\n\t\t<\/div><div class=\"qodef-post-info-author\">by <a class=\"qodef-post-info-author-link\" href=\"https:\/\/premiumbymasifill.com\/en\/author\/admin\/\">admin<span class=\"qodef-title-author-underline\"><\/span><\/a><\/div>\n\t\t\t<\/div>\n\t\t\t<h3 class=\"qodef-item-title\">\n\t\t\t\t<a href=\"https:\/\/premiumbymasifill.com\/en\/designing-a-better-home-workspace-2-2\/\" >\n\t\t\t\t\tProfessional organisers. The value of order and organisation\t\t\t\t<\/a>\n\t\t\t<\/h3>\n\t\t\t\t\t\t\t<p class=\"qodef-excerpt\">ESPAIS by Anna Balagu\u00e9 &amp; Llu\u00efsa Esp\u00edn. &nbsp; Time is the most precious asset we have today, but it is also what ...<\/p>\n\t\t\t\t\t<\/div>\n\t<\/div>\t\n<\/li><li class=\"qodef-blog-list-item clearfix\">\n\t<div class=\"qodef-blog-list-item-inner\">\n\t\t<div class=\"qodef-item-image\">\n\t\t\t<a href=\"https:\/\/premiumbymasifill.com\/en\/designing-a-better-home-workspace-2\/\">\n\t\t\t\t<img loading=\"lazy\" decoding=\"async\" width=\"800\" height=\"600\" src=\"https:\/\/premiumbymasifill.com\/wp-content\/uploads\/2017\/09\/PremiumHomes_ordenacionfiscal-800x600.jpg\" class=\"attachment-grafik_qodef_landscape size-grafik_qodef_landscape wp-post-image\" alt=\"\" \/>\t\t\t\t\n\t\t\t<\/a>\n\t\t<\/div>\n\t\t<div class=\"qodef-item-text-holder\">\n\t\t\t<div class=\"qodef-item-info-section\">\n\t\t\t\t<div class=\"qodef-post-info-date\">\n\t\n\t\tSeptember\n\t\t<\/div><div class=\"qodef-post-info-author\">by <a class=\"qodef-post-info-author-link\" href=\"https:\/\/premiumbymasifill.com\/en\/author\/admin\/\">admin<span class=\"qodef-title-author-underline\"><\/span><\/a><\/div>\n\t\t\t<\/div>\n\t\t\t<h3 class=\"qodef-item-title\">\n\t\t\t\t<a href=\"https:\/\/premiumbymasifill.com\/en\/designing-a-better-home-workspace-2\/\" >\n\t\t\t\t\tKey aspects to take into account for correct tax optimisation in real estate\t\t\t\t<\/a>\n\t\t\t<\/h3>\n\t\t\t\t\t\t\t<p class=\"qodef-excerpt\">By Xavier Jov\u00e9, Patrimonia lawyers and economists. \u00a0 &nbsp; When it comes to tax, the same property transfer operation...<\/p>\n\t\t\t\t\t<\/div>\n\t<\/div>\t\n<\/li>\t<\/ul>\t\n<\/div>\n[\/vc_column][\/vc_row]<\/p>\n<\/div>","protected":false},"excerpt":{"rendered":"<p>[vc_row css=&#8221;.vc_custom_1511186002524{margin-bottom: 40px !important;}&#8221;][vc_column][\/vc_column][\/vc_row]<\/p>\n","protected":false},"author":1,"featured_media":2636,"parent":0,"menu_order":0,"comment_status":"closed","ping_status":"open","template":"","meta":{"_acf_changed":false,"footnotes":"","_links_to":"","_links_to_target":""},"class_list":["post-2720","page","type-page","status-publish","has-post-thumbnail","hentry"],"acf":[],"aioseo_notices":[],"_links":{"self":[{"href":"https:\/\/premiumbymasifill.com\/en\/wp-json\/wp\/v2\/pages\/2720","targetHints":{"allow":["GET"]}}],"collection":[{"href":"https:\/\/premiumbymasifill.com\/en\/wp-json\/wp\/v2\/pages"}],"about":[{"href":"https:\/\/premiumbymasifill.com\/en\/wp-json\/wp\/v2\/types\/page"}],"author":[{"embeddable":true,"href":"https:\/\/premiumbymasifill.com\/en\/wp-json\/wp\/v2\/users\/1"}],"replies":[{"embeddable":true,"href":"https:\/\/premiumbymasifill.com\/en\/wp-json\/wp\/v2\/comments?post=2720"}],"version-history":[{"count":22,"href":"https:\/\/premiumbymasifill.com\/en\/wp-json\/wp\/v2\/pages\/2720\/revisions"}],"predecessor-version":[{"id":4726,"href":"https:\/\/premiumbymasifill.com\/en\/wp-json\/wp\/v2\/pages\/2720\/revisions\/4726"}],"wp:featuredmedia":[{"embeddable":true,"href":"https:\/\/premiumbymasifill.com\/en\/wp-json\/wp\/v2\/media\/2636"}],"wp:attachment":[{"href":"https:\/\/premiumbymasifill.com\/en\/wp-json\/wp\/v2\/media?parent=2720"}],"curies":[{"name":"wp","href":"https:\/\/api.w.org\/{rel}","templated":true}]}}