{"id":9556,"date":"2023-12-20T10:00:58","date_gmt":"2023-12-20T10:00:58","guid":{"rendered":"https:\/\/premiumbymasifill.com\/immuebles\/exclusiva-promocion-de-obra-nueva-en-bellaterra-2\/"},"modified":"2026-04-01T08:30:01","modified_gmt":"2026-04-01T08:30:01","slug":"casa-en-venta-totalmente-reformada-con-vistas-espectaculares","status":"publish","type":"page","link":"https:\/\/premiumbymasifill.com\/ca\/immuebles\/casa-en-venta-totalmente-reformada-con-vistas-espectaculares\/","title":{"rendered":"Casa en venda totalment reformada amb vistes espectaculars"},"content":{"rendered":"<div class=\"wpb-content-wrapper\"><p>[vc_row css=&#8221;.vc_custom_1616662559700{margin-top: 0px !important;margin-bottom: 0px !important;padding-top: 0px !important;padding-bottom: 0px !important;}&#8221;][vc_column css=&#8221;.vc_custom_1616662336883{margin-top: 0px !important;margin-bottom: 0px !important;padding-top: 0px !important;padding-bottom: 0px !important;}&#8221;][vc_raw_html]JTNDcCUyMGNsYXNzJTNEJTIycG9ibGFjaW8yJTIyJTNFJTIwU2FudCUyMEN1Z2F0JTIwZGVsJTIwVmFsbCVDMyVBOHMlMkMlMjBCYXJjZWxvbmElM0MlMkZwJTNF[\/vc_raw_html][\/vc_column][\/vc_row][vc_row el_class=&#8221;nom&#8221; css=&#8221;.vc_custom_1616662858073{margin-top: 0px !important;margin-bottom: 0px !important;padding-top: 0px !important;padding-bottom: 0px !important;}&#8221;][vc_column css=&#8221;.vc_custom_1616662342299{margin-top: 0px !important;margin-bottom: 0px !important;padding-top: 0px !important;padding-bottom: 0px !important;}&#8221;][vc_column_text css=&#8221;.vc_custom_1703066647929{margin-top: 0px !important;margin-bottom: 0px !important;padding-top: 0px !important;padding-bottom: 0px !important;}&#8221; el_class=&#8221;avantitol&#8221;]Casa en venda totalment reformada amb vistes espectaculars[\/vc_column_text][\/vc_column][\/vc_row][vc_row][vc_column width=&#8221;1\/2&#8243; css=&#8221;.vc_custom_1616670218781{padding-right: 40px !important;}&#8221;][vc_row_inner][vc_column_inner][vc_raw_html]JTNDcCUyMGNsYXNzJTNEJTIycHJldSUyMiUzRTUyNS4wMDAlRTIlODIlQUMlM0MlMkZwJTNF[\/vc_raw_html][\/vc_column_inner][\/vc_row_inner][vc_row_inner el_class=&#8221;detall&#8221;][vc_column_inner css=&#8221;.vc_custom_1616663839958{margin-top: 0px !important;margin-bottom: 0px !important;padding-top: 0px !important;padding-bottom: 0px !important;}&#8221;][vc_raw_html]JTNDcCUyMGNsYXNzJTNEJTIycG9ibGFjaW8yJTIyJTNFZG9ybWl0b3JpcyUzQyUyRnAlM0U=[\/vc_raw_html][vc_column_text css=&#8221;.vc_custom_1703066528536{margin-top: 0px !important;margin-bottom: 0px !important;padding-top: 0px !important;padding-bottom: 0px !important;}&#8221;]2[\/vc_column_text][\/vc_column_inner][\/vc_row_inner][vc_row_inner el_class=&#8221;detall&#8221;][vc_column_inner css=&#8221;.vc_custom_1616663839958{margin-top: 0px !important;margin-bottom: 0px !important;padding-top: 0px !important;padding-bottom: 0px !important;}&#8221;][vc_raw_html]JTNDcCUyMGNsYXNzJTNEJTIyZGV0YWxsZXMlMjIlM0VCYW55cyUzQyUyRnAlM0U=[\/vc_raw_html][vc_column_text css=&#8221;.vc_custom_1703066523617{margin-top: 0px !important;margin-bottom: 0px !important;padding-top: 0px !important;padding-bottom: 0px !important;}&#8221;]2[\/vc_column_text][\/vc_column_inner][\/vc_row_inner][vc_row_inner el_class=&#8221;detall&#8221;][vc_column_inner css=&#8221;.vc_custom_1616663839958{margin-top: 0px !important;margin-bottom: 0px !important;padding-top: 0px !important;padding-bottom: 0px !important;}&#8221;][vc_raw_html]JTNDcCUyMGNsYXNzJTNEJTIyZGV0YWxsZXMlMjIlM0UlQzMlODByZWElMjBJbnRlcm5hJTIwQnJ1dGElM0MlMkZwJTNF[\/vc_raw_html][vc_column_text css=&#8221;.vc_custom_1703066501212{margin-top: 0px !important;margin-bottom: 0px !important;padding-top: 0px !important;padding-bottom: 0px !important;}&#8221;]130m2[\/vc_column_text][vc_column_text css=&#8221;.vc_custom_1775032197454{margin-top: 0px !important;margin-bottom: 0px !important;padding-top: 0px !important;padding-bottom: 0px !important;}&#8221;]Benvingut a la teva nova llar a Sant Cugat!<\/p>\n<p>L&#8217;habitatge es troba en una ubicaci\u00f3 privilegiada amb f\u00e0cil acc\u00e9s a les principals carreteres i transport p\u00fablic, estar\u00e0s a nom\u00e9s uns minuts del centre de la ciutat.<\/p>\n<p>Aquesta bella casa d&#8217;estil r\u00fastic i 2 plantes amb 130 m\u00b2 de superf\u00edcie habitable es troba en un terreny de 600 m\u00b2.<br \/>\nConsta de 2 habitacions, 2 banys i una biblioteca que pot reconvertir-se en una habitaci\u00f3.<br \/>\nLa cuina \u00e9s \u00e0mplia i molt lluminosa. A m\u00e9s, la casa disposa de 2 salons (un en la planta baixa i un altre en la planta superior), la qual cosa et brinda molt espai per a relaxar-te i gaudir de la vida en fam\u00edlia.<\/p>\n<p>Des del sal\u00f3, la cuina i el porxo disposes de les vistes m\u00e9s espectaculars.<\/p>\n<p>L&#8217;habitatge est\u00e0 totalment reformat i llest per a entrar a viure.<\/p>\n<p>El terreny \u00e9s perfecte per a aquells que gaudeixen de passar temps a l&#8217;aire lliure. Amb espai per a fer una piscina i amb una barbacoa d&#8217;obra on podr\u00e0s gaudir dels dies assolellats i les nits c\u00e0lides amb amics i familiars.<\/p>\n<p>No perdis l&#8217;oportunitat de fer d&#8217;aquesta bella casa la teva llar! Contacta amb nosaltres avui per a programar una visita.<\/p>\n<p>&nbsp;<\/p>\n<p>Impostos ITP, despeses notarials i registrals no inclosos en el preu.<\/p>\n<p>El propietari NO \u00e9s gran tenedor.<\/p>\n<p>N\u00famero de registre AICAT 1214<\/p>\n<p>Col\u00b7legiat API 2677<\/p>\n<p>&nbsp;<\/p>\n<p>Producte comercialitzat per MAS I FILL PATRIMONIA. Gestionant immobles des de 1932.<br \/>\nPersona de contacte: XAVIER GALES 650 239 656[\/vc_column_text][vc_column_text css=&#8221;.vc_custom_1634206303572{margin-top: 0px !important;margin-bottom: 0px !important;padding-top: 0px !important;padding-bottom: 0px !important;}&#8221;][\/vc_column_text][vc_column_text css=&#8221;.vc_custom_1630670417021{margin-top: 0px !important;margin-bottom: 0px !important;padding-top: 0px !important;padding-bottom: 0px !important;}&#8221;][\/vc_column_text][vc_column_text css=&#8221;.vc_custom_1630670429353{margin-top: 0px !important;margin-bottom: 0px !important;padding-top: 0px !important;padding-bottom: 0px !important;}&#8221;][\/vc_column_text][vc_column_text css=&#8221;.vc_custom_1630670438318{margin-top: 0px !important;margin-bottom: 0px !important;padding-top: 0px !important;padding-bottom: 0px !important;}&#8221;][\/vc_column_text][vc_column_text css=&#8221;.vc_custom_1630670449569{margin-top: 0px !important;margin-bottom: 0px !important;padding-top: 0px !important;padding-bottom: 0px !important;}&#8221;][\/vc_column_text][vc_column_text css=&#8221;.vc_custom_1630670457913{margin-top: 0px !important;margin-bottom: 0px !important;padding-top: 0px !important;padding-bottom: 0px !important;}&#8221;][\/vc_column_text][\/vc_column_inner][\/vc_row_inner][\/vc_column][vc_column width=&#8221;1\/2&#8243;][vc_gallery type=&#8221;image_grid&#8221; images=&#8221;9574,9570,9571,9572,9573,9591,9590,9561,9562,9584,9585,9575,9576,9577,9559,9578,9579,9583,9580,9586,9587,9589,9588,9568,9566,9560,9567,9565,9569,9564,9563&#8243; img_size=&#8221;full&#8221;][\/vc_column][\/vc_row][vc_row][vc_column][vc_empty_space height=&#8221;60px&#8221;][\/vc_column][\/vc_row][vc_row][vc_column]\n<div class=\"wpcf7 no-js\" id=\"wpcf7-f609-o1\" lang=\"en-US\" dir=\"ltr\" data-wpcf7-id=\"609\">\n<div class=\"screen-reader-response\"><p role=\"status\" aria-live=\"polite\" aria-atomic=\"true\"><\/p> <ul><\/ul><\/div>\n<form action=\"\/ca\/wp-json\/wp\/v2\/pages\/9556#wpcf7-f609-o1\" method=\"post\" class=\"wpcf7-form init\" aria-label=\"Contact form\" novalidate=\"novalidate\" data-status=\"init\">\n<fieldset class=\"hidden-fields-container\"><input type=\"hidden\" name=\"_wpcf7\" value=\"609\" \/><input type=\"hidden\" name=\"_wpcf7_version\" value=\"6.1.2\" \/><input type=\"hidden\" name=\"_wpcf7_locale\" value=\"en_US\" \/><input type=\"hidden\" name=\"_wpcf7_unit_tag\" value=\"wpcf7-f609-o1\" \/><input type=\"hidden\" name=\"_wpcf7_container_post\" value=\"0\" \/><input type=\"hidden\" name=\"_wpcf7_posted_data_hash\" value=\"\" \/>\n<\/fieldset>\n<div class=\"formcontact\">\n\t<h4>M\u00e9s informaci\u00f3\n\t<\/h4>\n<\/div>\n<div class=\"qodef-two-columns-50-50\">\n\t<div class=\"qodef-two-columns-50-50-inner\">\n\t\t<div class=\"qodef-column\">\n\t\t\t<div class=\"qodef-column-inner\">\n\t\t\t\t<p><span class=\"wpcf7-form-control-wrap\" data-name=\"your-name\"><input size=\"40\" maxlength=\"400\" class=\"wpcf7-form-control wpcf7-text wpcf7-validates-as-required\" aria-required=\"true\" aria-invalid=\"false\" placeholder=\"Nom\" value=\"\" type=\"text\" name=\"your-name\" \/><\/span>\n\t\t\t\t<\/p>\n\t\t\t<\/div>\n\t\t<\/div>\n\t\t<div class=\"qodef-column\">\n\t\t\t<div class=\"qodef-column-inner\">\n\t\t\t\t<p><span class=\"wpcf7-form-control-wrap\" data-name=\"your-surname\"><input size=\"40\" maxlength=\"400\" class=\"wpcf7-form-control wpcf7-text wpcf7-validates-as-required\" aria-required=\"true\" aria-invalid=\"false\" placeholder=\"Cognom\" value=\"\" type=\"text\" name=\"your-surname\" \/><\/span>\n\t\t\t\t<\/p>\n\t\t\t<\/div>\n\t\t<\/div>\n\t<\/div>\n<\/div>\n<div class=\"qodef-two-columns-50-50\">\n\t<div class=\"qodef-two-columns-50-50-inner\">\n\t\t<div class=\"qodef-column\">\n\t\t\t<div class=\"qodef-column-inner\">\n\t\t\t\t<p><span class=\"wpcf7-form-control-wrap\" data-name=\"your-phone\"><input size=\"40\" maxlength=\"400\" class=\"wpcf7-form-control wpcf7-text wpcf7-validates-as-required\" aria-required=\"true\" aria-invalid=\"false\" placeholder=\"Tel\u00e8fon\" value=\"\" type=\"text\" name=\"your-phone\" \/><\/span>\n\t\t\t\t<\/p>\n\t\t\t<\/div>\n\t\t<\/div>\n\t\t<div class=\"qodef-column\">\n\t\t\t<div class=\"qodef-column-inner\">\n\t\t\t\t<p><span class=\"wpcf7-form-control-wrap\" data-name=\"your-email\"><input size=\"40\" maxlength=\"400\" class=\"wpcf7-form-control wpcf7-email wpcf7-validates-as-required wpcf7-text wpcf7-validates-as-email\" aria-required=\"true\" aria-invalid=\"false\" placeholder=\"Email\" value=\"\" type=\"email\" name=\"your-email\" \/><\/span>\n\t\t\t\t<\/p>\n\t\t\t<\/div>\n\t\t<\/div>\n\t<\/div>\n<\/div>\n<div>\n\t<div>\n\t\t<p><span class=\"wpcf7-form-control-wrap\" data-name=\"your-message\"><textarea cols=\"40\" rows=\"10\" maxlength=\"2000\" class=\"wpcf7-form-control wpcf7-textarea\" aria-invalid=\"false\" placeholder=\"Missatge\" name=\"your-message\"><\/textarea><\/span>\n\t\t<\/p>\n\t<\/div>\n\t<div>\n\t\t<p><input class=\"wpcf7-form-control wpcf7-submit has-spinner\" type=\"submit\" value=\"Enviar\" \/>\n\t\t<\/p>\n\t<\/div>\n<\/div><p style=\"display: none !important;\" class=\"akismet-fields-container\" data-prefix=\"_wpcf7_ak_\"><label>&#916;<textarea name=\"_wpcf7_ak_hp_textarea\" cols=\"45\" rows=\"8\" maxlength=\"100\"><\/textarea><\/label><input type=\"hidden\" id=\"ak_js_1\" name=\"_wpcf7_ak_js\" value=\"161\"\/><script>document.getElementById( \"ak_js_1\" ).setAttribute( \"value\", ( new Date() ).getTime() );<\/script><\/p><div class=\"wpcf7-response-output\" aria-hidden=\"true\"><\/div>\n<\/form>\n<\/div>\n[\/vc_column][\/vc_row][vc_row][vc_column][vc_empty_space height=&#8221;100px&#8221;][\/vc_column][\/vc_row]<\/p>\n<\/div>","protected":false},"excerpt":{"rendered":"<p>[vc_row css=&#8221;.vc_custom_1616662559700{margin-top: 0px !important;margin-bottom: 0px !important;padding-top: 0px !important;padding-bottom: 0px !important;}&#8221;][vc_column css=&#8221;.vc_custom_1616662336883{margin-top: 0px !important;margin-bottom: 0px !important;padding-top: 0px !important;padding-bottom: 0px !important;}&#8221;][vc_raw_html]JTNDcCUyMGNsYXNzJTNEJTIycG9ibGFjaW8yJTIyJTNFJTIwU2FudCUyMEN1Z2F0JTIwZGVsJTIwVmFsbCVDMyVBOHMlMkMlMjBCYXJjZWxvbmElM0MlMkZwJTNF[\/vc_raw_html][\/vc_column][\/vc_row][vc_row el_class=&#8221;nom&#8221; css=&#8221;.vc_custom_1616662858073{margin-top: 0px !important;margin-bottom: 0px !important;padding-top: 0px !important;padding-bottom: 0px !important;}&#8221;][vc_column css=&#8221;.vc_custom_1616662342299{margin-top: 0px !important;margin-bottom: 0px !important;padding-top: 0px !important;padding-bottom: 0px !important;}&#8221;][vc_column_text css=&#8221;.vc_custom_1703066647929{margin-top: 0px !important;margin-bottom: 0px !important;padding-top: 0px !important;padding-bottom:&#8230;<\/p>\n","protected":false},"author":2,"featured_media":0,"parent":2714,"menu_order":0,"comment_status":"closed","ping_status":"closed","template":"","meta":{"_acf_changed":false,"footnotes":"","_links_to":"","_links_to_target":""},"class_list":["post-9556","page","type-page","status-publish","hentry"],"acf":[],"aioseo_notices":[],"_links":{"self":[{"href":"https:\/\/premiumbymasifill.com\/ca\/wp-json\/wp\/v2\/pages\/9556","targetHints":{"allow":["GET"]}}],"collection":[{"href":"https:\/\/premiumbymasifill.com\/ca\/wp-json\/wp\/v2\/pages"}],"about":[{"href":"https:\/\/premiumbymasifill.com\/ca\/wp-json\/wp\/v2\/types\/page"}],"author":[{"embeddable":true,"href":"https:\/\/premiumbymasifill.com\/ca\/wp-json\/wp\/v2\/users\/2"}],"replies":[{"embeddable":true,"href":"https:\/\/premiumbymasifill.com\/ca\/wp-json\/wp\/v2\/comments?post=9556"}],"version-history":[{"count":13,"href":"https:\/\/premiumbymasifill.com\/ca\/wp-json\/wp\/v2\/pages\/9556\/revisions"}],"predecessor-version":[{"id":19593,"href":"https:\/\/premiumbymasifill.com\/ca\/wp-json\/wp\/v2\/pages\/9556\/revisions\/19593"}],"up":[{"embeddable":true,"href":"https:\/\/premiumbymasifill.com\/ca\/wp-json\/wp\/v2\/pages\/2714"}],"wp:attachment":[{"href":"https:\/\/premiumbymasifill.com\/ca\/wp-json\/wp\/v2\/media?parent=9556"}],"curies":[{"name":"wp","href":"https:\/\/api.w.org\/{rel}","templated":true}]}}