{"id":9509,"date":"2023-12-15T09:34:55","date_gmt":"2023-12-15T09:34:55","guid":{"rendered":"https:\/\/premiumbymasifill.com\/immuebles\/piso-obra-nueva-en-bellaterra-2\/"},"modified":"2026-04-01T08:32:10","modified_gmt":"2026-04-01T08:32:10","slug":"junto-al-parque-del-turo","status":"publish","type":"page","link":"https:\/\/premiumbymasifill.com\/ca\/immuebles\/junto-al-parque-del-turo\/","title":{"rendered":"Junt al parc del Tur\u00f3"},"content":{"rendered":"<div class=\"wpb-content-wrapper\"><p>[vc_row css=&#8221;.vc_custom_1616662559700{margin-top: 0px !important;margin-bottom: 0px !important;padding-top: 0px !important;padding-bottom: 0px !important;}&#8221;][vc_column css=&#8221;.vc_custom_1616662336883{margin-top: 0px !important;margin-bottom: 0px !important;padding-top: 0px !important;padding-bottom: 0px !important;}&#8221;][vc_raw_html]JTNDcCUyMGNsYXNzJTNEJTIycG9ibGFjaW8yJTIyJTNFJTIwU2FycmklQzMlQTAtJTIwU2FudCUyMEdlcnZhc2klMkMlMjBCYXJjZWxvbmElM0MlMkZwJTNF[\/vc_raw_html][\/vc_column][\/vc_row][vc_row el_class=&#8221;nom&#8221; css=&#8221;.vc_custom_1616662858073{margin-top: 0px !important;margin-bottom: 0px !important;padding-top: 0px !important;padding-bottom: 0px !important;}&#8221;][vc_column css=&#8221;.vc_custom_1616662342299{margin-top: 0px !important;margin-bottom: 0px !important;padding-top: 0px !important;padding-bottom: 0px !important;}&#8221;][vc_column_text css=&#8221;.vc_custom_1702633264223{margin-top: 0px !important;margin-bottom: 0px !important;padding-top: 0px !important;padding-bottom: 0px !important;}&#8221; el_class=&#8221;avantitol&#8221;]Junt al parc del Tur\u00f3[\/vc_column_text][\/vc_column][\/vc_row][vc_row][vc_column width=&#8221;1\/2&#8243; css=&#8221;.vc_custom_1616670218781{padding-right: 40px !important;}&#8221;][vc_row_inner][vc_column_inner][vc_raw_html]JTNDcCUyMGNsYXNzJTNEJTIycHJldSUyMiUzRTc3MC4wMDAlRTIlODIlQUMlM0MlMkZwJTNF[\/vc_raw_html][\/vc_column_inner][\/vc_row_inner][vc_row_inner el_class=&#8221;detall&#8221;][vc_column_inner css=&#8221;.vc_custom_1616663839958{margin-top: 0px !important;margin-bottom: 0px !important;padding-top: 0px !important;padding-bottom: 0px !important;}&#8221;][vc_raw_html]JTNDcCUyMGNsYXNzJTNEJTIycG9ibGFjaW8yJTIyJTNFZG9ybWl0b3JpcyUzQyUyRnAlM0U=[\/vc_raw_html][vc_column_text css=&#8221;.vc_custom_1702633297335{margin-top: 0px !important;margin-bottom: 0px !important;padding-top: 0px !important;padding-bottom: 0px !important;}&#8221;]4[\/vc_column_text][\/vc_column_inner][\/vc_row_inner][vc_row_inner el_class=&#8221;detall&#8221;][vc_column_inner css=&#8221;.vc_custom_1616663839958{margin-top: 0px !important;margin-bottom: 0px !important;padding-top: 0px !important;padding-bottom: 0px !important;}&#8221;][vc_raw_html]JTNDcCUyMGNsYXNzJTNEJTIyZGV0YWxsZXMlMjIlM0VCYW55cyUzQyUyRnAlM0U=[\/vc_raw_html][vc_column_text css=&#8221;.vc_custom_1702633305063{margin-top: 0px !important;margin-bottom: 0px !important;padding-top: 0px !important;padding-bottom: 0px !important;}&#8221;]2[\/vc_column_text][\/vc_column_inner][\/vc_row_inner][vc_row_inner el_class=&#8221;detall&#8221;][vc_column_inner css=&#8221;.vc_custom_1616663839958{margin-top: 0px !important;margin-bottom: 0px !important;padding-top: 0px !important;padding-bottom: 0px !important;}&#8221;][vc_raw_html]JTNDcCUyMGNsYXNzJTNEJTIyZGV0YWxsZXMlMjIlM0UlQzMlODByZWElMjBJbnRlcm5hJTIwQnJ1dGElM0MlMkZwJTNF[\/vc_raw_html][vc_column_text css=&#8221;.vc_custom_1702633329526{margin-top: 0px !important;margin-bottom: 0px !important;padding-top: 0px !important;padding-bottom: 0px !important;}&#8221;]132m2[\/vc_column_text][vc_column_text css=&#8221;.vc_custom_1775032255535{margin-top: 0px !important;margin-bottom: 0px !important;padding-top: 0px !important;padding-bottom: 0px !important;}&#8221;]Al costat dels Jardins del Tur\u00f3 trobem aquest ampli i llumin\u00f3s pis de 132\u202fm\u00b2 constru\u00efts, segons cadastre, en finca r\u00e8gia de 1946.<\/p>\n<p>Es tracta d&#8217;un pis ampli i llumin\u00f3s, amb bona distribuci\u00f3, situat en una tercera planta (quarta real) en finca amb dos ascensors i conserge.<\/p>\n<p>El pis gaudeix d&#8217;un ampli i assolellat sal\u00f3 amb xemeneia. Quatre dormitoris dels quals hi ha dos dobles (un amb un gran armari encastat) un mitj\u00e0 i un individual amb bany.<br \/>\nLa cuina, independent i totalment equipada, dona a una pr\u00e0ctica galeria que dona al celobert. Dos banys complets i tamb\u00e9 disposa de dos pr\u00e0ctics armaris, trasters, un de quasi quatre metres quadrats amb altell.<\/p>\n<p>Es tracta d&#8217;una propietat amb encant, situat en ple districte de Sarri\u00e0-Sant Gervasi i en una de les zones m\u00e9s selectes de la ciutat tant per la seva proximitat al parc del Tur\u00f3 com per estar envoltada de tota mena de comer\u00e7os, restaurants i serveis exclusius.<\/p>\n<p>&nbsp;<\/p>\n<p>Impostos ITP, despeses notarials i registrals no inclosos en el preu.<\/p>\n<p>El propietari NO \u00e9s gran tenedor.<\/p>\n<p>N\u00famero de registre AICAT 1214<\/p>\n<p>Col\u00b7legiat API 2677<\/p>\n<p>&nbsp;<\/p>\n<p>El producte est\u00e0 promocionat per MASIFILL Patrimonia que gestiona immobles des de 1932.<br \/>\nPersona de contacte Cristina Roca 682 623 161[\/vc_column_text][vc_column_text css=&#8221;.vc_custom_1634206303572{margin-top: 0px !important;margin-bottom: 0px !important;padding-top: 0px !important;padding-bottom: 0px !important;}&#8221;][\/vc_column_text][vc_column_text css=&#8221;.vc_custom_1630670417021{margin-top: 0px !important;margin-bottom: 0px !important;padding-top: 0px !important;padding-bottom: 0px !important;}&#8221;][\/vc_column_text][vc_column_text css=&#8221;.vc_custom_1630670429353{margin-top: 0px !important;margin-bottom: 0px !important;padding-top: 0px !important;padding-bottom: 0px !important;}&#8221;][\/vc_column_text][vc_column_text css=&#8221;.vc_custom_1630670438318{margin-top: 0px !important;margin-bottom: 0px !important;padding-top: 0px !important;padding-bottom: 0px !important;}&#8221;][\/vc_column_text][vc_column_text css=&#8221;.vc_custom_1630670449569{margin-top: 0px !important;margin-bottom: 0px !important;padding-top: 0px !important;padding-bottom: 0px !important;}&#8221;][\/vc_column_text][vc_column_text css=&#8221;.vc_custom_1630670457913{margin-top: 0px !important;margin-bottom: 0px !important;padding-top: 0px !important;padding-bottom: 0px !important;}&#8221;][\/vc_column_text][\/vc_column_inner][\/vc_row_inner][\/vc_column][vc_column width=&#8221;1\/2&#8243;][vc_gallery type=&#8221;image_grid&#8221; images=&#8221;9516,9515,9517,9525,9524,9521,9522,9523,9535,9534,9518,9527,9528,9529,9530,9520,9519,9526,9531,9533,9532&#8243; img_size=&#8221;full&#8221;][\/vc_column][\/vc_row][vc_row][vc_column][vc_empty_space height=&#8221;60px&#8221;][\/vc_column][\/vc_row][vc_row][vc_column]\n<div class=\"wpcf7 no-js\" id=\"wpcf7-f609-o1\" lang=\"en-US\" dir=\"ltr\" data-wpcf7-id=\"609\">\n<div class=\"screen-reader-response\"><p role=\"status\" aria-live=\"polite\" aria-atomic=\"true\"><\/p> <ul><\/ul><\/div>\n<form action=\"\/ca\/wp-json\/wp\/v2\/pages\/9509#wpcf7-f609-o1\" method=\"post\" class=\"wpcf7-form init\" aria-label=\"Contact form\" novalidate=\"novalidate\" data-status=\"init\">\n<fieldset class=\"hidden-fields-container\"><input type=\"hidden\" name=\"_wpcf7\" value=\"609\" \/><input type=\"hidden\" name=\"_wpcf7_version\" value=\"6.1.2\" \/><input type=\"hidden\" name=\"_wpcf7_locale\" value=\"en_US\" \/><input type=\"hidden\" name=\"_wpcf7_unit_tag\" value=\"wpcf7-f609-o1\" \/><input type=\"hidden\" name=\"_wpcf7_container_post\" value=\"0\" \/><input type=\"hidden\" name=\"_wpcf7_posted_data_hash\" value=\"\" \/>\n<\/fieldset>\n<div class=\"formcontact\">\n\t<h4>M\u00e9s informaci\u00f3\n\t<\/h4>\n<\/div>\n<div class=\"qodef-two-columns-50-50\">\n\t<div class=\"qodef-two-columns-50-50-inner\">\n\t\t<div class=\"qodef-column\">\n\t\t\t<div class=\"qodef-column-inner\">\n\t\t\t\t<p><span class=\"wpcf7-form-control-wrap\" data-name=\"your-name\"><input size=\"40\" maxlength=\"400\" class=\"wpcf7-form-control wpcf7-text wpcf7-validates-as-required\" aria-required=\"true\" aria-invalid=\"false\" placeholder=\"Nom\" value=\"\" type=\"text\" name=\"your-name\" \/><\/span>\n\t\t\t\t<\/p>\n\t\t\t<\/div>\n\t\t<\/div>\n\t\t<div class=\"qodef-column\">\n\t\t\t<div class=\"qodef-column-inner\">\n\t\t\t\t<p><span class=\"wpcf7-form-control-wrap\" data-name=\"your-surname\"><input size=\"40\" maxlength=\"400\" class=\"wpcf7-form-control wpcf7-text wpcf7-validates-as-required\" aria-required=\"true\" aria-invalid=\"false\" placeholder=\"Cognom\" value=\"\" type=\"text\" name=\"your-surname\" \/><\/span>\n\t\t\t\t<\/p>\n\t\t\t<\/div>\n\t\t<\/div>\n\t<\/div>\n<\/div>\n<div class=\"qodef-two-columns-50-50\">\n\t<div class=\"qodef-two-columns-50-50-inner\">\n\t\t<div class=\"qodef-column\">\n\t\t\t<div class=\"qodef-column-inner\">\n\t\t\t\t<p><span class=\"wpcf7-form-control-wrap\" data-name=\"your-phone\"><input size=\"40\" maxlength=\"400\" class=\"wpcf7-form-control wpcf7-text wpcf7-validates-as-required\" aria-required=\"true\" aria-invalid=\"false\" placeholder=\"Tel\u00e8fon\" value=\"\" type=\"text\" name=\"your-phone\" \/><\/span>\n\t\t\t\t<\/p>\n\t\t\t<\/div>\n\t\t<\/div>\n\t\t<div class=\"qodef-column\">\n\t\t\t<div class=\"qodef-column-inner\">\n\t\t\t\t<p><span class=\"wpcf7-form-control-wrap\" data-name=\"your-email\"><input size=\"40\" maxlength=\"400\" class=\"wpcf7-form-control wpcf7-email wpcf7-validates-as-required wpcf7-text wpcf7-validates-as-email\" aria-required=\"true\" aria-invalid=\"false\" placeholder=\"Email\" value=\"\" type=\"email\" name=\"your-email\" \/><\/span>\n\t\t\t\t<\/p>\n\t\t\t<\/div>\n\t\t<\/div>\n\t<\/div>\n<\/div>\n<div>\n\t<div>\n\t\t<p><span class=\"wpcf7-form-control-wrap\" data-name=\"your-message\"><textarea cols=\"40\" rows=\"10\" maxlength=\"2000\" class=\"wpcf7-form-control wpcf7-textarea\" aria-invalid=\"false\" placeholder=\"Missatge\" name=\"your-message\"><\/textarea><\/span>\n\t\t<\/p>\n\t<\/div>\n\t<div>\n\t\t<p><input class=\"wpcf7-form-control wpcf7-submit has-spinner\" type=\"submit\" value=\"Enviar\" \/>\n\t\t<\/p>\n\t<\/div>\n<\/div><p style=\"display: none !important;\" class=\"akismet-fields-container\" data-prefix=\"_wpcf7_ak_\"><label>&#916;<textarea name=\"_wpcf7_ak_hp_textarea\" cols=\"45\" rows=\"8\" maxlength=\"100\"><\/textarea><\/label><input type=\"hidden\" id=\"ak_js_1\" name=\"_wpcf7_ak_js\" value=\"124\"\/><script>document.getElementById( \"ak_js_1\" ).setAttribute( \"value\", ( new Date() ).getTime() );<\/script><\/p><div class=\"wpcf7-response-output\" aria-hidden=\"true\"><\/div>\n<\/form>\n<\/div>\n[\/vc_column][\/vc_row][vc_row][vc_column][vc_empty_space height=&#8221;100px&#8221;][\/vc_column][\/vc_row]<\/p>\n<\/div>","protected":false},"excerpt":{"rendered":"<p>[vc_row css=&#8221;.vc_custom_1616662559700{margin-top: 0px !important;margin-bottom: 0px !important;padding-top: 0px !important;padding-bottom: 0px !important;}&#8221;][vc_column css=&#8221;.vc_custom_1616662336883{margin-top: 0px !important;margin-bottom: 0px !important;padding-top: 0px !important;padding-bottom: 0px !important;}&#8221;][vc_raw_html]JTNDcCUyMGNsYXNzJTNEJTIycG9ibGFjaW8yJTIyJTNFJTIwU2FycmklQzMlQTAtJTIwU2FudCUyMEdlcnZhc2klMkMlMjBCYXJjZWxvbmElM0MlMkZwJTNF[\/vc_raw_html][\/vc_column][\/vc_row][vc_row el_class=&#8221;nom&#8221; css=&#8221;.vc_custom_1616662858073{margin-top: 0px !important;margin-bottom: 0px !important;padding-top: 0px !important;padding-bottom: 0px !important;}&#8221;][vc_column css=&#8221;.vc_custom_1616662342299{margin-top: 0px !important;margin-bottom: 0px !important;padding-top: 0px !important;padding-bottom: 0px !important;}&#8221;][vc_column_text css=&#8221;.vc_custom_1702633264223{margin-top: 0px !important;margin-bottom: 0px !important;padding-top: 0px !important;padding-bottom:&#8230;<\/p>\n","protected":false},"author":2,"featured_media":0,"parent":2714,"menu_order":0,"comment_status":"closed","ping_status":"closed","template":"","meta":{"_acf_changed":false,"footnotes":"","_links_to":"","_links_to_target":""},"class_list":["post-9509","page","type-page","status-publish","hentry"],"acf":[],"aioseo_notices":[],"_links":{"self":[{"href":"https:\/\/premiumbymasifill.com\/ca\/wp-json\/wp\/v2\/pages\/9509","targetHints":{"allow":["GET"]}}],"collection":[{"href":"https:\/\/premiumbymasifill.com\/ca\/wp-json\/wp\/v2\/pages"}],"about":[{"href":"https:\/\/premiumbymasifill.com\/ca\/wp-json\/wp\/v2\/types\/page"}],"author":[{"embeddable":true,"href":"https:\/\/premiumbymasifill.com\/ca\/wp-json\/wp\/v2\/users\/2"}],"replies":[{"embeddable":true,"href":"https:\/\/premiumbymasifill.com\/ca\/wp-json\/wp\/v2\/comments?post=9509"}],"version-history":[{"count":15,"href":"https:\/\/premiumbymasifill.com\/ca\/wp-json\/wp\/v2\/pages\/9509\/revisions"}],"predecessor-version":[{"id":19596,"href":"https:\/\/premiumbymasifill.com\/ca\/wp-json\/wp\/v2\/pages\/9509\/revisions\/19596"}],"up":[{"embeddable":true,"href":"https:\/\/premiumbymasifill.com\/ca\/wp-json\/wp\/v2\/pages\/2714"}],"wp:attachment":[{"href":"https:\/\/premiumbymasifill.com\/ca\/wp-json\/wp\/v2\/media?parent=9509"}],"curies":[{"name":"wp","href":"https:\/\/api.w.org\/{rel}","templated":true}]}}