{"id":8709,"date":"2022-07-20T11:13:30","date_gmt":"2022-07-20T11:13:30","guid":{"rendered":"https:\/\/premiumbymasifill.com\/immuebles\/casa-de-una-sola-planta-con-piscina-2\/"},"modified":"2026-04-01T09:30:10","modified_gmt":"2026-04-01T09:30:10","slug":"impecable-piso-de-diseno-en-les-corts","status":"publish","type":"page","link":"https:\/\/premiumbymasifill.com\/ca\/immuebles\/impecable-piso-de-diseno-en-les-corts\/","title":{"rendered":"Impecable pis de disseny a Les Corts"},"content":{"rendered":"<div class=\"wpb-content-wrapper\"><p>[vc_row css=&#8221;.vc_custom_1616662559700{margin-top: 0px !important;margin-bottom: 0px !important;padding-top: 0px !important;padding-bottom: 0px !important;}&#8221;][vc_column css=&#8221;.vc_custom_1616662336883{margin-top: 0px !important;margin-bottom: 0px !important;padding-top: 0px !important;padding-bottom: 0px !important;}&#8221;][vc_raw_html]JTNDcCUyMGNsYXNzJTNEJTIycG9ibGFjaW8yJTIyJTNFTGVzJTIwQ29ydHMlMkNCYXJjZWxvbmElM0MlMkZwJTNF[\/vc_raw_html][\/vc_column][\/vc_row][vc_row el_class=&#8221;nom&#8221; css=&#8221;.vc_custom_1616662858073{margin-top: 0px !important;margin-bottom: 0px !important;padding-top: 0px !important;padding-bottom: 0px !important;}&#8221;][vc_column css=&#8221;.vc_custom_1616662342299{margin-top: 0px !important;margin-bottom: 0px !important;padding-top: 0px !important;padding-bottom: 0px !important;}&#8221;][vc_column_text css=&#8221;.vc_custom_1658413271229{margin-top: 0px !important;margin-bottom: 0px !important;padding-top: 0px !important;padding-bottom: 0px !important;}&#8221; el_class=&#8221;avantitol&#8221;]Impecable pis de disseny a Les Corts[\/vc_column_text][\/vc_column][\/vc_row][vc_row][vc_column width=&#8221;1\/2&#8243; css=&#8221;.vc_custom_1616670218781{padding-right: 40px !important;}&#8221;][vc_row_inner][vc_column_inner][vc_raw_html]JTNDcCUyMGNsYXNzJTNEJTIycHJldSUyMiUzRTc5Ny4wMDAlRTIlODIlQUMlM0MlMkZwJTNF[\/vc_raw_html][\/vc_column_inner][\/vc_row_inner][vc_row_inner el_class=&#8221;detall&#8221;][vc_column_inner css=&#8221;.vc_custom_1616663839958{margin-top: 0px !important;margin-bottom: 0px !important;padding-top: 0px !important;padding-bottom: 0px !important;}&#8221;][vc_raw_html]JTNDcCUyMGNsYXNzJTNEJTIycG9ibGFjaW8yJTIyJTNFZG9ybWl0b3JpcyUzQyUyRnAlM0U=[\/vc_raw_html][vc_column_text css=&#8221;.vc_custom_1651746345448{margin-top: 0px !important;margin-bottom: 0px !important;padding-top: 0px !important;padding-bottom: 0px !important;}&#8221;]5[\/vc_column_text][\/vc_column_inner][\/vc_row_inner][vc_row_inner el_class=&#8221;detall&#8221;][vc_column_inner css=&#8221;.vc_custom_1616663839958{margin-top: 0px !important;margin-bottom: 0px !important;padding-top: 0px !important;padding-bottom: 0px !important;}&#8221;][vc_raw_html]JTNDcCUyMGNsYXNzJTNEJTIyZGV0YWxsZXMlMjIlM0VCYW55cyUzQyUyRnAlM0U=[\/vc_raw_html][vc_column_text css=&#8221;.vc_custom_1658318155933{margin-top: 0px !important;margin-bottom: 0px !important;padding-top: 0px !important;padding-bottom: 0px !important;}&#8221;]2[\/vc_column_text][\/vc_column_inner][\/vc_row_inner][vc_row_inner el_class=&#8221;detall&#8221;][vc_column_inner css=&#8221;.vc_custom_1616663839958{margin-top: 0px !important;margin-bottom: 0px !important;padding-top: 0px !important;padding-bottom: 0px !important;}&#8221;][vc_raw_html]JTNDcCUyMGNsYXNzJTNEJTIyZGV0YWxsZXMlMjIlM0UlQzMlODByZWElMjBJbnRlcm5hJTIwQnJ1dGElM0MlMkZwJTNF[\/vc_raw_html][vc_column_text css=&#8221;.vc_custom_1658318199787{margin-top: 0px !important;margin-bottom: 0px !important;padding-top: 0px !important;padding-bottom: 0px !important;}&#8221;]192m2[\/vc_column_text][vc_column_text css=&#8221;.vc_custom_1775035419809{margin-top: 0px !important;margin-bottom: 0px !important;padding-top: 0px !important;padding-bottom: 0px !important;}&#8221;]Al carrer Tenor Massini al costat d&#8217;Avga. Madrid trobem aquest pis exclusiu de disseny 192m2 constru\u00efts, segons cadastre, recentment reformat en finca amb conserge.<br \/>\nEs tracta d&#8217;un pis singular que ha estat rehabilitat de manera integral on el disseny i els seus acabats de primera qualitat estan pensats per crear espais c\u00e0lids i funcionals.<br \/>\nL\u00b4habitatge es divideix clarament en dues zones. Zona de dia i zona de nit.<br \/>\nLa zona de dia consta d\u00b4un ampli i assolellat sal\u00f3 menjador amb sortida a terrassa. Gran cuina office, oberta totalment equipada i amb sortida a una pr\u00e0ctica galeria.<br \/>\nLa zona de nit es compon de quatre dormitoris dobles, amb armaris encastats. El principal t\u00e9 un bonic vestidor envidrat i un pr\u00e0ctic sabater. Tamb\u00e9 hi ha un despatx i dos banys.<br \/>\nEl pis disposa de calefacci\u00f3 per radiadors i aire condicionat fred i calent distribu\u00eft per conductes. Fusteria d\u00b4alumini amb doble vidre. S\u00f2ls de fusta massissa.<br \/>\nPossibilitat de pla\u00e7a de p\u00e0rquing, amb acc\u00e9s directe des del pis a la mateixa finca no inclosa en el preu.<\/p>\n<p>&nbsp;<\/p>\n<p>Impostos ITP, despeses notarials i registrals no inclosos en el preu.<\/p>\n<p>El propietari NO \u00e9s gran tenedor.<\/p>\n<p>N\u00famero de registre AICAT 1214<\/p>\n<p>Col\u00b7legiat API 2677<\/p>\n<p>&nbsp;<\/p>\n<p>El producte est\u00e0 promocionat per MAS I FILL PATRIMONIA que gestiona immobles des de 1932.<br \/>\nPersona de contacte Cristina Roca 682 623 161[\/vc_column_text][vc_column_text css=&#8221;.vc_custom_1634206303572{margin-top: 0px !important;margin-bottom: 0px !important;padding-top: 0px !important;padding-bottom: 0px !important;}&#8221;][\/vc_column_text][vc_column_text css=&#8221;.vc_custom_1630670417021{margin-top: 0px !important;margin-bottom: 0px !important;padding-top: 0px !important;padding-bottom: 0px !important;}&#8221;][\/vc_column_text][vc_column_text css=&#8221;.vc_custom_1630670429353{margin-top: 0px !important;margin-bottom: 0px !important;padding-top: 0px !important;padding-bottom: 0px !important;}&#8221;][\/vc_column_text][vc_column_text css=&#8221;.vc_custom_1630670438318{margin-top: 0px !important;margin-bottom: 0px !important;padding-top: 0px !important;padding-bottom: 0px !important;}&#8221;][\/vc_column_text][vc_column_text css=&#8221;.vc_custom_1630670449569{margin-top: 0px !important;margin-bottom: 0px !important;padding-top: 0px !important;padding-bottom: 0px !important;}&#8221;][\/vc_column_text][vc_column_text css=&#8221;.vc_custom_1630670457913{margin-top: 0px !important;margin-bottom: 0px !important;padding-top: 0px !important;padding-bottom: 0px !important;}&#8221;][\/vc_column_text][\/vc_column_inner][\/vc_row_inner][\/vc_column][vc_column width=&#8221;1\/2&#8243;][vc_gallery type=&#8221;image_grid&#8221; images=&#8221;8725,8726,8727,8728,8729,8730,8731,8732,8733,8734,8735,8736,8737,8738,8739,8740,8741,8742,8743&#8243; img_size=&#8221;full&#8221;][\/vc_column][\/vc_row][vc_row][vc_column][vc_empty_space height=&#8221;60px&#8221;][\/vc_column][\/vc_row][vc_row][vc_column]\n<div class=\"wpcf7 no-js\" id=\"wpcf7-f609-o1\" lang=\"en-US\" dir=\"ltr\" data-wpcf7-id=\"609\">\n<div class=\"screen-reader-response\"><p role=\"status\" aria-live=\"polite\" aria-atomic=\"true\"><\/p> <ul><\/ul><\/div>\n<form action=\"\/ca\/wp-json\/wp\/v2\/pages\/8709#wpcf7-f609-o1\" method=\"post\" class=\"wpcf7-form init\" aria-label=\"Contact form\" novalidate=\"novalidate\" data-status=\"init\">\n<fieldset class=\"hidden-fields-container\"><input type=\"hidden\" name=\"_wpcf7\" value=\"609\" \/><input type=\"hidden\" name=\"_wpcf7_version\" value=\"6.1.2\" \/><input type=\"hidden\" name=\"_wpcf7_locale\" value=\"en_US\" \/><input type=\"hidden\" name=\"_wpcf7_unit_tag\" value=\"wpcf7-f609-o1\" \/><input type=\"hidden\" name=\"_wpcf7_container_post\" value=\"0\" \/><input type=\"hidden\" name=\"_wpcf7_posted_data_hash\" value=\"\" \/>\n<\/fieldset>\n<div class=\"formcontact\">\n\t<h4>M\u00e9s informaci\u00f3\n\t<\/h4>\n<\/div>\n<div class=\"qodef-two-columns-50-50\">\n\t<div class=\"qodef-two-columns-50-50-inner\">\n\t\t<div class=\"qodef-column\">\n\t\t\t<div class=\"qodef-column-inner\">\n\t\t\t\t<p><span class=\"wpcf7-form-control-wrap\" data-name=\"your-name\"><input size=\"40\" maxlength=\"400\" class=\"wpcf7-form-control wpcf7-text wpcf7-validates-as-required\" aria-required=\"true\" aria-invalid=\"false\" placeholder=\"Nom\" value=\"\" type=\"text\" name=\"your-name\" \/><\/span>\n\t\t\t\t<\/p>\n\t\t\t<\/div>\n\t\t<\/div>\n\t\t<div class=\"qodef-column\">\n\t\t\t<div class=\"qodef-column-inner\">\n\t\t\t\t<p><span class=\"wpcf7-form-control-wrap\" data-name=\"your-surname\"><input size=\"40\" maxlength=\"400\" class=\"wpcf7-form-control wpcf7-text wpcf7-validates-as-required\" aria-required=\"true\" aria-invalid=\"false\" placeholder=\"Cognom\" value=\"\" type=\"text\" name=\"your-surname\" \/><\/span>\n\t\t\t\t<\/p>\n\t\t\t<\/div>\n\t\t<\/div>\n\t<\/div>\n<\/div>\n<div class=\"qodef-two-columns-50-50\">\n\t<div class=\"qodef-two-columns-50-50-inner\">\n\t\t<div class=\"qodef-column\">\n\t\t\t<div class=\"qodef-column-inner\">\n\t\t\t\t<p><span class=\"wpcf7-form-control-wrap\" data-name=\"your-phone\"><input size=\"40\" maxlength=\"400\" class=\"wpcf7-form-control wpcf7-text wpcf7-validates-as-required\" aria-required=\"true\" aria-invalid=\"false\" placeholder=\"Tel\u00e8fon\" value=\"\" type=\"text\" name=\"your-phone\" \/><\/span>\n\t\t\t\t<\/p>\n\t\t\t<\/div>\n\t\t<\/div>\n\t\t<div class=\"qodef-column\">\n\t\t\t<div class=\"qodef-column-inner\">\n\t\t\t\t<p><span class=\"wpcf7-form-control-wrap\" data-name=\"your-email\"><input size=\"40\" maxlength=\"400\" class=\"wpcf7-form-control wpcf7-email wpcf7-validates-as-required wpcf7-text wpcf7-validates-as-email\" aria-required=\"true\" aria-invalid=\"false\" placeholder=\"Email\" value=\"\" type=\"email\" name=\"your-email\" \/><\/span>\n\t\t\t\t<\/p>\n\t\t\t<\/div>\n\t\t<\/div>\n\t<\/div>\n<\/div>\n<div>\n\t<div>\n\t\t<p><span class=\"wpcf7-form-control-wrap\" data-name=\"your-message\"><textarea cols=\"40\" rows=\"10\" maxlength=\"2000\" class=\"wpcf7-form-control wpcf7-textarea\" aria-invalid=\"false\" placeholder=\"Missatge\" name=\"your-message\"><\/textarea><\/span>\n\t\t<\/p>\n\t<\/div>\n\t<div>\n\t\t<p><input class=\"wpcf7-form-control wpcf7-submit has-spinner\" type=\"submit\" value=\"Enviar\" \/>\n\t\t<\/p>\n\t<\/div>\n<\/div><p style=\"display: none !important;\" class=\"akismet-fields-container\" data-prefix=\"_wpcf7_ak_\"><label>&#916;<textarea name=\"_wpcf7_ak_hp_textarea\" cols=\"45\" rows=\"8\" maxlength=\"100\"><\/textarea><\/label><input type=\"hidden\" id=\"ak_js_1\" name=\"_wpcf7_ak_js\" value=\"172\"\/><script>document.getElementById( \"ak_js_1\" ).setAttribute( \"value\", ( new Date() ).getTime() );<\/script><\/p><div class=\"wpcf7-response-output\" aria-hidden=\"true\"><\/div>\n<\/form>\n<\/div>\n[\/vc_column][\/vc_row][vc_row][vc_column][vc_empty_space height=&#8221;100px&#8221;][\/vc_column][\/vc_row]<\/p>\n<\/div>","protected":false},"excerpt":{"rendered":"<p>[vc_row css=&#8221;.vc_custom_1616662559700{margin-top: 0px !important;margin-bottom: 0px !important;padding-top: 0px !important;padding-bottom: 0px !important;}&#8221;][vc_column css=&#8221;.vc_custom_1616662336883{margin-top: 0px !important;margin-bottom: 0px !important;padding-top: 0px !important;padding-bottom: 0px !important;}&#8221;][vc_raw_html]JTNDcCUyMGNsYXNzJTNEJTIycG9ibGFjaW8yJTIyJTNFTGVzJTIwQ29ydHMlMkNCYXJjZWxvbmElM0MlMkZwJTNF[\/vc_raw_html][\/vc_column][\/vc_row][vc_row el_class=&#8221;nom&#8221; css=&#8221;.vc_custom_1616662858073{margin-top: 0px !important;margin-bottom: 0px !important;padding-top: 0px !important;padding-bottom: 0px !important;}&#8221;][vc_column css=&#8221;.vc_custom_1616662342299{margin-top: 0px !important;margin-bottom: 0px !important;padding-top: 0px !important;padding-bottom: 0px !important;}&#8221;][vc_column_text css=&#8221;.vc_custom_1658413271229{margin-top: 0px !important;margin-bottom: 0px !important;padding-top: 0px !important;padding-bottom:&#8230;<\/p>\n","protected":false},"author":2,"featured_media":0,"parent":2714,"menu_order":0,"comment_status":"closed","ping_status":"closed","template":"","meta":{"_acf_changed":false,"footnotes":"","_links_to":"","_links_to_target":""},"class_list":["post-8709","page","type-page","status-publish","hentry"],"acf":[],"aioseo_notices":[],"_links":{"self":[{"href":"https:\/\/premiumbymasifill.com\/ca\/wp-json\/wp\/v2\/pages\/8709","targetHints":{"allow":["GET"]}}],"collection":[{"href":"https:\/\/premiumbymasifill.com\/ca\/wp-json\/wp\/v2\/pages"}],"about":[{"href":"https:\/\/premiumbymasifill.com\/ca\/wp-json\/wp\/v2\/types\/page"}],"author":[{"embeddable":true,"href":"https:\/\/premiumbymasifill.com\/ca\/wp-json\/wp\/v2\/users\/2"}],"replies":[{"embeddable":true,"href":"https:\/\/premiumbymasifill.com\/ca\/wp-json\/wp\/v2\/comments?post=8709"}],"version-history":[{"count":34,"href":"https:\/\/premiumbymasifill.com\/ca\/wp-json\/wp\/v2\/pages\/8709\/revisions"}],"predecessor-version":[{"id":19608,"href":"https:\/\/premiumbymasifill.com\/ca\/wp-json\/wp\/v2\/pages\/8709\/revisions\/19608"}],"up":[{"embeddable":true,"href":"https:\/\/premiumbymasifill.com\/ca\/wp-json\/wp\/v2\/pages\/2714"}],"wp:attachment":[{"href":"https:\/\/premiumbymasifill.com\/ca\/wp-json\/wp\/v2\/media?parent=8709"}],"curies":[{"name":"wp","href":"https:\/\/api.w.org\/{rel}","templated":true}]}}