{"id":3674,"date":"2017-10-15T20:44:28","date_gmt":"2017-10-15T20:44:28","guid":{"rendered":"http:\/\/premiumbymasifill.com\/?page_id=3674"},"modified":"2017-11-22T09:42:51","modified_gmt":"2017-11-22T09:42:51","slug":"golden-visa","status":"publish","type":"page","link":"https:\/\/premiumbymasifill.com\/ca\/golden-visa\/","title":{"rendered":"Golden Visa"},"content":{"rendered":"<div class=\"wpb-content-wrapper\"><p>[vc_row el_class=&#8221;.title2&#8243; css=&#8221;.vc_custom_1507558088249{padding-top: 40px !important;padding-bottom: 50px !important;background-color: #ebd3b3 !important;}&#8221;][vc_column width=&#8221;1\/6&#8243;][\/vc_column][vc_column width=&#8221;5\/6&#8243;][vc_column_text]\u2014 05<br \/>\nGolden Visa[\/vc_column_text][\/vc_column][\/vc_row][vc_row el_class=&#8221;.custom&#8221;][vc_column]<div class=\"qodef-elements-holder qodef-two-columns qodef-responsive-mode-768\" ><div class=\"qodef-elements-holder-item \" style=\"background-color: #ededed\">\n\t<div class=\"qodef-elements-holder-item-inner\">\n\t\t<div class=\"qodef-elements-holder-item-content qodef-elements-holder-custom-669377\" style=\"padding: 6% 0 6% 0\">\n\t\t\t\t\t\t[vc_row_inner][vc_column_inner width=&#8221;1\/3&#8243;][\/vc_column_inner][vc_column_inner width=&#8221;2\/3&#8243; css=&#8221;.vc_custom_1507553457352{margin-left: 0px !important;padding-right: 40px !important;padding-left: 0px !important;}&#8221;][vc_column_text]A <strong>Premium Homes by MASIFILL<\/strong> oferim el servei exclusiu Golden Visa per tots aquells no residents de la Comunitat Europea que vulguin obtenir el perm\u00eds de resid\u00e8ncia espanyola a trav\u00e9s de la compra d&#8217;una propietat a Barcelona i rodalies.<\/p>\n<p>Es tracta d&#8217;un servei a mida que t\u00e9 com a objectiu assegurar la millor compra possible guiant al llarg de tot el proc\u00e9s i l&#8217;obtenci\u00f3 del perm\u00eds de resid\u00e8ncia, resolent qualsevol aspecte a trav\u00e9s del nostre equip multidisciplinari.[\/vc_column_text][\/vc_column_inner][\/vc_row_inner]\t\t<\/div>\n\t<\/div>\n<\/div><div class=\"qodef-elements-holder-item qodef-horizontal-alignment-center\" style=\"background-image: url(https:\/\/premiumbymasifill.com\/wp-content\/uploads\/2017\/10\/golden_visa_ok.jpg)\">\n\t<div class=\"qodef-elements-holder-item-inner\">\n\t\t<div class=\"qodef-elements-holder-item-content qodef-elements-holder-custom-891625\" >\n\t\t\t\t\t\t[vc_empty_space height=&#8221;400&#8243;]\t\t<\/div>\n\t<\/div>\n<\/div><\/div>[\/vc_column][\/vc_row][vc_row css=&#8221;.vc_custom_1508101008043{padding-top: 60px !important;padding-bottom: 60px !important;}&#8221; el_class=&#8221;.custom&#8221;][vc_column width=&#8221;1\/6&#8243;][\/vc_column][vc_column width=&#8221;2\/3&#8243; css=&#8221;.vc_custom_1507555215238{margin-right: 0px !important;margin-left: 0px !important;border-top-width: 2px !important;padding-top: 0px !important;padding-right: 0px !important;padding-left: 0px !important;border-top-color: #a45c0b !important;border-top-style: solid !important;}&#8221;][vc_empty_space height=&#8221;20&#8243;]\n<div class=\"qodef-custom-font-holder\" style=\"font-family: Playfair Display;font-size: 25px;font-weight: 700;color: #1d1d1b\" data-font-size= 25>\n\tBeneficis de residir a Barcelona:\t<\/div>[vc_column_text]&gt; Possibilitat de ser propietari d&#8217;un immoble en una de les ciutats m\u00e9s cosmopolites i belles del m\u00f3n<br \/>\n&gt; Tenir acc\u00e9s a comunicacions, infraestructures i alguna de les millors escoles internacionals d&#8217;Europa<br \/>\n&gt; Possibilitat de treballar a Espanya<br \/>\n&gt; Possibilitat de viatjar lliurement a tots els pa\u00efsos de la Comunitat Europea.<br \/>\n&gt; El dret de visat tamb\u00e9 s&#8217;aplica al seu c\u00f2njuge o fills<\/p>\n<p>Si vol m\u00e9s informaci\u00f3, envieu un e-mail a: <a href=\"mailto:info@premiumbymasifill.com\">info@premiumbymasifill.com<\/a>[\/vc_column_text][vc_empty_space height=&#8221;40px&#8221;][\/vc_column][vc_column width=&#8221;1\/6&#8243;][\/vc_column][\/vc_row]<\/p>\n<\/div>","protected":false},"excerpt":{"rendered":"<p>[vc_row el_class=&#8221;.title2&#8243; css=&#8221;.vc_custom_1507558088249{padding-top: 40px !important;padding-bottom: 50px !important;background-color: #ebd3b3 !important;}&#8221;][vc_column width=&#8221;1\/6&#8243;][\/vc_column][vc_column width=&#8221;5\/6&#8243;][vc_column_text]\u2014 05 Golden Visa[\/vc_column_text][\/vc_column][\/vc_row][vc_row el_class=&#8221;.custom&#8221;][vc_column][\/vc_column][\/vc_row][vc_row css=&#8221;.vc_custom_1508101008043{padding-top: 60px !important;padding-bottom: 60px !important;}&#8221; el_class=&#8221;.custom&#8221;][vc_column width=&#8221;1\/6&#8243;][\/vc_column][vc_column width=&#8221;2\/3&#8243; css=&#8221;.vc_custom_1507555215238{margin-right: 0px !important;margin-left: 0px !important;border-top-width: 2px !important;padding-top: 0px !important;padding-right: 0px !important;padding-left: 0px !important;border-top-color: #a45c0b !important;border-top-style: solid !important;}&#8221;][vc_empty_space height=&#8221;20&#8243;][vc_column_text]&gt; Possibilitat de ser propietari&#8230;<\/p>\n","protected":false},"author":1,"featured_media":0,"parent":0,"menu_order":0,"comment_status":"closed","ping_status":"closed","template":"servicio.php","meta":{"_acf_changed":false,"footnotes":"","_links_to":"","_links_to_target":""},"class_list":["post-3674","page","type-page","status-publish","hentry"],"acf":[],"aioseo_notices":[],"_links":{"self":[{"href":"https:\/\/premiumbymasifill.com\/ca\/wp-json\/wp\/v2\/pages\/3674","targetHints":{"allow":["GET"]}}],"collection":[{"href":"https:\/\/premiumbymasifill.com\/ca\/wp-json\/wp\/v2\/pages"}],"about":[{"href":"https:\/\/premiumbymasifill.com\/ca\/wp-json\/wp\/v2\/types\/page"}],"author":[{"embeddable":true,"href":"https:\/\/premiumbymasifill.com\/ca\/wp-json\/wp\/v2\/users\/1"}],"replies":[{"embeddable":true,"href":"https:\/\/premiumbymasifill.com\/ca\/wp-json\/wp\/v2\/comments?post=3674"}],"version-history":[{"count":18,"href":"https:\/\/premiumbymasifill.com\/ca\/wp-json\/wp\/v2\/pages\/3674\/revisions"}],"predecessor-version":[{"id":4733,"href":"https:\/\/premiumbymasifill.com\/ca\/wp-json\/wp\/v2\/pages\/3674\/revisions\/4733"}],"wp:attachment":[{"href":"https:\/\/premiumbymasifill.com\/ca\/wp-json\/wp\/v2\/media?parent=3674"}],"curies":[{"name":"wp","href":"https:\/\/api.w.org\/{rel}","templated":true}]}}