{"id":3640,"date":"2017-10-15T20:00:55","date_gmt":"2017-10-15T20:00:55","guid":{"rendered":"http:\/\/premiumbymasifill.com\/?page_id=3640"},"modified":"2017-11-22T09:38:25","modified_gmt":"2017-11-22T09:38:25","slug":"servicios-a-medida","status":"publish","type":"page","link":"https:\/\/premiumbymasifill.com\/ca\/servicios-a-medida\/","title":{"rendered":"Serveis a mida"},"content":{"rendered":"<div class=\"wpb-content-wrapper\"><p>[vc_row el_class=&#8221;.title2&#8243; css=&#8221;.vc_custom_1507558088249{padding-top: 40px !important;padding-bottom: 50px !important;background-color: #ebd3b3 !important;}&#8221;][vc_column width=&#8221;1\/6&#8243;][\/vc_column][vc_column width=&#8221;5\/6&#8243;]<div class=\"qodef-elements-holder qodef-responsive-mode-768\" ><div class=\"qodef-elements-holder-item \" >\n\t<div class=\"qodef-elements-holder-item-inner\">\n\t\t<div class=\"qodef-elements-holder-item-content qodef-elements-holder-custom-815329\" style=\"padding: 0\">\n\t\t\t\t\t\t<style type=\"text\/css\" data-type=\"qodef-elements-custom-padding\">\n\t\t\t\t\t\t\t\t@media only screen and (min-width: 1280px) and (max-width: 1600px) {\n\t\t\t\t\t.qodef-elements-holder .qodef-elements-holder-item-content.qodef-elements-holder-custom-815329 {\n\t\t\t\t\t\tpadding: 0 !important;\n\t\t\t\t\t}\n\t\t\t\t}\n\t\t\t\t\t\t\t\t\t\t\t\t\t@media only screen and (min-width: 1024px) and (max-width: 1280px) {\n\t\t\t\t\t\t.qodef-elements-holder .qodef-elements-holder-item-content.qodef-elements-holder-custom-815329 {\n\t\t\t\t\t\t\tpadding: 0 !important;\n\t\t\t\t\t\t}\n\t\t\t\t\t}\n\t\t\t\t\t\t\t\t\t\t\t\t@media only screen and (min-width: 768px) and (max-width: 1024px) {\n\t\t\t\t\t.qodef-elements-holder .qodef-elements-holder-item-content.qodef-elements-holder-custom-815329 {\n\t\t\t\t\t\tpadding: 0 0 0 30px !important;\n\t\t\t\t\t}\n\t\t\t\t}\n\t\t\t\t\t\t\t\t\t\t\t\t@media only screen and (min-width: 600px) and (max-width: 768px) {\n\t\t\t\t\t.qodef-elements-holder .qodef-elements-holder-item-content.qodef-elements-holder-custom-815329 {\n\t\t\t\t\t\tpadding: 0 0 0 30px !important;\n\t\t\t\t\t}\n\t\t\t\t}\n\t\t\t\t\t\t\t\t\t\t\t\t@media only screen and (min-width: 480px) and (max-width: 600px) {\n\t\t\t\t\t.qodef-elements-holder .qodef-elements-holder-item-content.qodef-elements-holder-custom-815329 {\n\t\t\t\t\t\tpadding: 0 0 0 30px !important;\n\t\t\t\t\t}\n\t\t\t\t}\n\t\t\t\t\t\t\t\t\t\t\t\t@media only screen and (max-width: 480px) {\n\t\t\t\t\t.qodef-elements-holder .qodef-elements-holder-item-content.qodef-elements-holder-custom-815329 {\n\t\t\t\t\t\tpadding: 0 0 0 30px !important;\n\t\t\t\t\t}\n\t\t\t\t}\n\t\t\t\t\t\t\t\t<\/style>\n\t\t\t\t\t\t[vc_column_text]\u2014 04<br \/>\nServeis a mida[\/vc_column_text]\t\t<\/div>\n\t<\/div>\n<\/div><\/div>[\/vc_column][\/vc_row][vc_row][vc_column]<div class=\"qodef-elements-holder qodef-two-columns qodef-responsive-mode-768\" ><div class=\"qodef-elements-holder-item qodef-vertical-alignment-top\" >\n\t<div class=\"qodef-elements-holder-item-inner\">\n\t\t<div class=\"qodef-elements-holder-item-content qodef-elements-holder-custom-314479\" style=\"padding: 0\">\n\t\t\t\t\t\t<style type=\"text\/css\" data-type=\"qodef-elements-custom-padding\">\n\t\t\t\t\t\t\t\t@media only screen and (min-width: 1280px) and (max-width: 1600px) {\n\t\t\t\t\t.qodef-elements-holder .qodef-elements-holder-item-content.qodef-elements-holder-custom-314479 {\n\t\t\t\t\t\tpadding: 0 !important;\n\t\t\t\t\t}\n\t\t\t\t}\n\t\t\t\t\t\t\t\t\t\t\t\t\t@media only screen and (min-width: 1024px) and (max-width: 1280px) {\n\t\t\t\t\t\t.qodef-elements-holder .qodef-elements-holder-item-content.qodef-elements-holder-custom-314479 {\n\t\t\t\t\t\t\tpadding: 0 !important;\n\t\t\t\t\t\t}\n\t\t\t\t\t}\n\t\t\t\t\t\t\t\t\t\t\t\t@media only screen and (min-width: 768px) and (max-width: 1024px) {\n\t\t\t\t\t.qodef-elements-holder .qodef-elements-holder-item-content.qodef-elements-holder-custom-314479 {\n\t\t\t\t\t\tpadding: 0 0 40px 40px !important;\n\t\t\t\t\t}\n\t\t\t\t}\n\t\t\t\t\t\t\t\t\t\t\t\t@media only screen and (min-width: 600px) and (max-width: 768px) {\n\t\t\t\t\t.qodef-elements-holder .qodef-elements-holder-item-content.qodef-elements-holder-custom-314479 {\n\t\t\t\t\t\tpadding: 0 0 40px 40px !important;\n\t\t\t\t\t}\n\t\t\t\t}\n\t\t\t\t\t\t\t\t\t\t\t\t@media only screen and (min-width: 480px) and (max-width: 600px) {\n\t\t\t\t\t.qodef-elements-holder .qodef-elements-holder-item-content.qodef-elements-holder-custom-314479 {\n\t\t\t\t\t\tpadding: 0 0 40px 40px !important;\n\t\t\t\t\t}\n\t\t\t\t}\n\t\t\t\t\t\t\t\t\t\t\t\t@media only screen and (max-width: 480px) {\n\t\t\t\t\t.qodef-elements-holder .qodef-elements-holder-item-content.qodef-elements-holder-custom-314479 {\n\t\t\t\t\t\tpadding: 0 0 40px 40px !important;\n\t\t\t\t\t}\n\t\t\t\t}\n\t\t\t\t\t\t\t\t<\/style>\n\t\t\t\t\t\t[vc_row_inner][vc_column_inner width=&#8221;1\/3&#8243;][\/vc_column_inner][vc_column_inner el_class=&#8221;.custom&#8221; width=&#8221;2\/3&#8243; css=&#8221;.vc_custom_1508416932421{margin-left: 0px !important;padding-top: 60px !important;padding-right: 50px !important;padding-bottom: 0px !important;padding-left: 0px !important;}&#8221;]\n<div class=\"qodef-custom-font-holder\" style=\"font-family: Source Sans Pro, sans-serif;font-size: 32px;font-weight: 700;color: #231f20\" data-font-size= 32>\n\tPersonal Shopper\t<\/div>[vc_column_text]L\u00b4assessorem i l&#8217;acompanyem de manera exclusiva en la recerca, selecci\u00f3, negociaci\u00f3 i adquisici\u00f3 de la seva llar.[\/vc_column_text][\/vc_column_inner][\/vc_row_inner]\t\t<\/div>\n\t<\/div>\n<\/div><div class=\"qodef-elements-holder-item qodef-horizontal-alignment-center\" style=\"background-image: url(https:\/\/premiumbymasifill.com\/wp-content\/uploads\/2017\/10\/Servicios_a_medida_Personal_shopper.jpg)\">\n\t<div class=\"qodef-elements-holder-item-inner\">\n\t\t<div class=\"qodef-elements-holder-item-content qodef-elements-holder-custom-113729\" style=\"padding: 0\">\n\t\t\t\t\t\t[vc_empty_space height=&#8221;400&#8243;]\t\t<\/div>\n\t<\/div>\n<\/div><\/div>[\/vc_column][\/vc_row][vc_row][vc_column]<div class=\"qodef-elements-holder qodef-two-columns qodef-responsive-mode-768\" ><div class=\"qodef-elements-holder-item \" style=\"background-image: url(https:\/\/premiumbymasifill.com\/wp-content\/uploads\/2017\/10\/Servicios_a_medida.jpg)\">\n\t<div class=\"qodef-elements-holder-item-inner\">\n\t\t<div class=\"qodef-elements-holder-item-content qodef-elements-holder-custom-327528\" style=\"padding: 0\">\n\t\t\t\t\t\t[vc_empty_space height=&#8221;400&#8243;]\t\t<\/div>\n\t<\/div>\n<\/div><div class=\"qodef-elements-holder-item qodef-vertical-alignment-top\" >\n\t<div class=\"qodef-elements-holder-item-inner\">\n\t\t<div class=\"qodef-elements-holder-item-content qodef-elements-holder-custom-756559\" style=\"padding: 0px 0 50px 50px \">\n\t\t\t\t\t\t<style type=\"text\/css\" data-type=\"qodef-elements-custom-padding\">\n\t\t\t\t\t\t\t\t@media only screen and (min-width: 1280px) and (max-width: 1600px) {\n\t\t\t\t\t.qodef-elements-holder .qodef-elements-holder-item-content.qodef-elements-holder-custom-756559 {\n\t\t\t\t\t\tpadding: 0px 0 50px 50px  !important;\n\t\t\t\t\t}\n\t\t\t\t}\n\t\t\t\t\t\t\t\t\t\t\t\t\t@media only screen and (min-width: 1024px) and (max-width: 1280px) {\n\t\t\t\t\t\t.qodef-elements-holder .qodef-elements-holder-item-content.qodef-elements-holder-custom-756559 {\n\t\t\t\t\t\t\tpadding: 0px 0 50px 50px  !important;\n\t\t\t\t\t\t}\n\t\t\t\t\t}\n\t\t\t\t\t\t\t\t\t\t\t\t@media only screen and (min-width: 768px) and (max-width: 1024px) {\n\t\t\t\t\t.qodef-elements-holder .qodef-elements-holder-item-content.qodef-elements-holder-custom-756559 {\n\t\t\t\t\t\tpadding: 0 30px 0 30px !important;\n\t\t\t\t\t}\n\t\t\t\t}\n\t\t\t\t\t\t\t\t\t\t\t\t@media only screen and (min-width: 600px) and (max-width: 768px) {\n\t\t\t\t\t.qodef-elements-holder .qodef-elements-holder-item-content.qodef-elements-holder-custom-756559 {\n\t\t\t\t\t\tpadding: 0 30px 0 30px !important;\n\t\t\t\t\t}\n\t\t\t\t}\n\t\t\t\t\t\t\t\t\t\t\t\t@media only screen and (min-width: 480px) and (max-width: 600px) {\n\t\t\t\t\t.qodef-elements-holder .qodef-elements-holder-item-content.qodef-elements-holder-custom-756559 {\n\t\t\t\t\t\tpadding: 0 30px 0 30px !important;\n\t\t\t\t\t}\n\t\t\t\t}\n\t\t\t\t\t\t\t\t\t\t\t\t@media only screen and (max-width: 480px) {\n\t\t\t\t\t.qodef-elements-holder .qodef-elements-holder-item-content.qodef-elements-holder-custom-756559 {\n\t\t\t\t\t\tpadding: 0 30px 0 30px !important;\n\t\t\t\t\t}\n\t\t\t\t}\n\t\t\t\t\t\t\t\t<\/style>\n\t\t\t\t\t\t[vc_row_inner][vc_column_inner width=&#8221;3\/4&#8243; css=&#8221;.vc_custom_1509301606032{padding-top: 60px !important;padding-bottom: 50px !important;}&#8221;]\n<div class=\"qodef-custom-font-holder\" style=\"font-family: Source Sans Pro, sans-serif;font-size: 32px;font-weight: 700;color: #231f20\" data-font-size= 32>\n\tHome Staging\t<\/div>[vc_column_text el_class=&#8221;.colortext&#8221;]Un servei premium a trav\u00e9s del qual l&#8217;ajudem a valoritzar la seva propietat, destacant els seus punts forts, per tal d&#8217;atreure el major nombre de possibles visitants \/ compradors. Amb una inversi\u00f3 m\u00ednima i un m\u00e0xim retorn aconseguir\u00e0 vendre el seu habitatge r\u00e0pidament i a millor preu.<br \/>\n[\/vc_column_text][\/vc_column_inner][vc_column_inner width=&#8221;1\/4&#8243;][\/vc_column_inner][\/vc_row_inner]\t\t<\/div>\n\t<\/div>\n<\/div><\/div>[\/vc_column][\/vc_row][vc_row][vc_column]<div class=\"qodef-elements-holder qodef-two-columns qodef-responsive-mode-768\" ><div class=\"qodef-elements-holder-item qodef-vertical-alignment-top\" >\n\t<div class=\"qodef-elements-holder-item-inner\">\n\t\t<div class=\"qodef-elements-holder-item-content qodef-elements-holder-custom-359100\" style=\"padding: 0\">\n\t\t\t\t\t\t<style type=\"text\/css\" data-type=\"qodef-elements-custom-padding\">\n\t\t\t\t\t\t\t\t@media only screen and (min-width: 1280px) and (max-width: 1600px) {\n\t\t\t\t\t.qodef-elements-holder .qodef-elements-holder-item-content.qodef-elements-holder-custom-359100 {\n\t\t\t\t\t\tpadding: 0 !important;\n\t\t\t\t\t}\n\t\t\t\t}\n\t\t\t\t\t\t\t\t\t\t\t\t\t@media only screen and (min-width: 1024px) and (max-width: 1280px) {\n\t\t\t\t\t\t.qodef-elements-holder .qodef-elements-holder-item-content.qodef-elements-holder-custom-359100 {\n\t\t\t\t\t\t\tpadding: 0 !important;\n\t\t\t\t\t\t}\n\t\t\t\t\t}\n\t\t\t\t\t\t\t\t\t\t\t\t@media only screen and (min-width: 768px) and (max-width: 1024px) {\n\t\t\t\t\t.qodef-elements-holder .qodef-elements-holder-item-content.qodef-elements-holder-custom-359100 {\n\t\t\t\t\t\tpadding: 0 30px 30px 40px !important;\n\t\t\t\t\t}\n\t\t\t\t}\n\t\t\t\t\t\t\t\t\t\t\t\t@media only screen and (min-width: 600px) and (max-width: 768px) {\n\t\t\t\t\t.qodef-elements-holder .qodef-elements-holder-item-content.qodef-elements-holder-custom-359100 {\n\t\t\t\t\t\tpadding: 0 30px 30px 40px !important;\n\t\t\t\t\t}\n\t\t\t\t}\n\t\t\t\t\t\t\t\t\t\t\t\t@media only screen and (min-width: 480px) and (max-width: 600px) {\n\t\t\t\t\t.qodef-elements-holder .qodef-elements-holder-item-content.qodef-elements-holder-custom-359100 {\n\t\t\t\t\t\tpadding: 0 30px 30px 40px !important;\n\t\t\t\t\t}\n\t\t\t\t}\n\t\t\t\t\t\t\t\t\t\t\t\t@media only screen and (max-width: 480px) {\n\t\t\t\t\t.qodef-elements-holder .qodef-elements-holder-item-content.qodef-elements-holder-custom-359100 {\n\t\t\t\t\t\tpadding: 0 30px 30px 40px !important;\n\t\t\t\t\t}\n\t\t\t\t}\n\t\t\t\t\t\t\t\t<\/style>\n\t\t\t\t\t\t[vc_row_inner][vc_column_inner width=&#8221;1\/3&#8243;][\/vc_column_inner][vc_column_inner el_class=&#8221;.custom&#8221; width=&#8221;2\/3&#8243; css=&#8221;.vc_custom_1508417021818{margin-left: 0px !important;padding-top: 60px !important;padding-right: 50px !important;padding-bottom: 0px !important;padding-left: 0px !important;}&#8221;]\n<div class=\"qodef-custom-font-holder\" style=\"font-family: Source Sans Pro, sans-serif;font-size: 32px;font-weight: 700;color: #231f20\" data-font-size= 32>\n\tProjectes d&#039;interiorisme\t<\/div>[vc_column_text]Dissenyem i creem espais \u00fanics adaptats a la personalitat del client.[\/vc_column_text][\/vc_column_inner][\/vc_row_inner]\t\t<\/div>\n\t<\/div>\n<\/div><div class=\"qodef-elements-holder-item qodef-horizontal-alignment-center\" style=\"background-image: url(https:\/\/premiumbymasifill.com\/wp-content\/uploads\/2017\/10\/Servicios_a_medida_Interiorismo.jpg)\">\n\t<div class=\"qodef-elements-holder-item-inner\">\n\t\t<div class=\"qodef-elements-holder-item-content qodef-elements-holder-custom-598411\" style=\"padding: 0\">\n\t\t\t\t\t\t[vc_empty_space height=&#8221;400&#8243;]\t\t<\/div>\n\t<\/div>\n<\/div><\/div>[\/vc_column][\/vc_row][vc_row][vc_column]<div class=\"qodef-elements-holder qodef-two-columns qodef-responsive-mode-768\" ><div class=\"qodef-elements-holder-item \" style=\"background-image: url(https:\/\/premiumbymasifill.com\/wp-content\/uploads\/2017\/10\/Servicios_a_medida_Gestion_reformas.jpg)\">\n\t<div class=\"qodef-elements-holder-item-inner\">\n\t\t<div class=\"qodef-elements-holder-item-content qodef-elements-holder-custom-409898\" style=\"padding: 0\">\n\t\t\t\t\t\t[vc_empty_space height=&#8221;400&#8243;]\t\t<\/div>\n\t<\/div>\n<\/div><div class=\"qodef-elements-holder-item qodef-vertical-alignment-top\" >\n\t<div class=\"qodef-elements-holder-item-inner\">\n\t\t<div class=\"qodef-elements-holder-item-content qodef-elements-holder-custom-814542\" style=\"padding: 60px 0 50px 50px \">\n\t\t\t\t\t\t<style type=\"text\/css\" data-type=\"qodef-elements-custom-padding\">\n\t\t\t\t\t\t\t\t@media only screen and (min-width: 1280px) and (max-width: 1600px) {\n\t\t\t\t\t.qodef-elements-holder .qodef-elements-holder-item-content.qodef-elements-holder-custom-814542 {\n\t\t\t\t\t\tpadding: 60px 0 50px 50px  !important;\n\t\t\t\t\t}\n\t\t\t\t}\n\t\t\t\t\t\t\t\t\t\t\t\t\t@media only screen and (min-width: 1024px) and (max-width: 1280px) {\n\t\t\t\t\t\t.qodef-elements-holder .qodef-elements-holder-item-content.qodef-elements-holder-custom-814542 {\n\t\t\t\t\t\t\tpadding: 60px 0 50px 50px  !important;\n\t\t\t\t\t\t}\n\t\t\t\t\t}\n\t\t\t\t\t\t\t\t\t\t\t\t@media only screen and (min-width: 768px) and (max-width: 1024px) {\n\t\t\t\t\t.qodef-elements-holder .qodef-elements-holder-item-content.qodef-elements-holder-custom-814542 {\n\t\t\t\t\t\tpadding: 30px 0 30px 20px  !important;\n\t\t\t\t\t}\n\t\t\t\t}\n\t\t\t\t\t\t\t\t\t\t\t\t@media only screen and (min-width: 600px) and (max-width: 768px) {\n\t\t\t\t\t.qodef-elements-holder .qodef-elements-holder-item-content.qodef-elements-holder-custom-814542 {\n\t\t\t\t\t\tpadding: 30px 0 30px 20px  !important;\n\t\t\t\t\t}\n\t\t\t\t}\n\t\t\t\t\t\t\t\t\t\t\t\t@media only screen and (min-width: 480px) and (max-width: 600px) {\n\t\t\t\t\t.qodef-elements-holder .qodef-elements-holder-item-content.qodef-elements-holder-custom-814542 {\n\t\t\t\t\t\tpadding: 30px 0 30px 20px  !important;\n\t\t\t\t\t}\n\t\t\t\t}\n\t\t\t\t\t\t\t\t\t\t\t\t@media only screen and (max-width: 480px) {\n\t\t\t\t\t.qodef-elements-holder .qodef-elements-holder-item-content.qodef-elements-holder-custom-814542 {\n\t\t\t\t\t\tpadding: 30px 0 30px 20px  !important;\n\t\t\t\t\t}\n\t\t\t\t}\n\t\t\t\t\t\t\t\t<\/style>\n\t\t\t\t\t\t[vc_row_inner][vc_column_inner width=&#8221;3\/4&#8243;]\n<div class=\"qodef-custom-font-holder\" style=\"font-family: Source Sans Pro, sans-serif;font-size: 32px;font-weight: 700;color: #231f20\" data-font-size= 32>\n\tGesti\u00f3 de mudances\t<\/div>[vc_column_text el_class=&#8221;.colortext&#8221;]Organitzem la mudan\u00e7a i l&#8217;ajudem a organitzar el nou espai.[\/vc_column_text][\/vc_column_inner][vc_column_inner width=&#8221;1\/4&#8243;][\/vc_column_inner][\/vc_row_inner]\t\t<\/div>\n\t<\/div>\n<\/div><\/div>[\/vc_column][\/vc_row][vc_row][vc_column]<div class=\"qodef-elements-holder qodef-two-columns qodef-responsive-mode-768\" ><div class=\"qodef-elements-holder-item qodef-vertical-alignment-top\" >\n\t<div class=\"qodef-elements-holder-item-inner\">\n\t\t<div class=\"qodef-elements-holder-item-content qodef-elements-holder-custom-921561\" style=\"padding: 50px 60px 0 0\">\n\t\t\t\t\t\t<style type=\"text\/css\" data-type=\"qodef-elements-custom-padding\">\n\t\t\t\t\t\t\t\t@media only screen and (min-width: 1280px) and (max-width: 1600px) {\n\t\t\t\t\t.qodef-elements-holder .qodef-elements-holder-item-content.qodef-elements-holder-custom-921561 {\n\t\t\t\t\t\tpadding: 50px 60px 0 0 !important;\n\t\t\t\t\t}\n\t\t\t\t}\n\t\t\t\t\t\t\t\t\t\t\t\t\t@media only screen and (min-width: 1024px) and (max-width: 1280px) {\n\t\t\t\t\t\t.qodef-elements-holder .qodef-elements-holder-item-content.qodef-elements-holder-custom-921561 {\n\t\t\t\t\t\t\tpadding: 50px 60px 0 0 !important;\n\t\t\t\t\t\t}\n\t\t\t\t\t}\n\t\t\t\t\t\t\t\t\t\t\t\t@media only screen and (min-width: 768px) and (max-width: 1024px) {\n\t\t\t\t\t.qodef-elements-holder .qodef-elements-holder-item-content.qodef-elements-holder-custom-921561 {\n\t\t\t\t\t\tpadding: 0 0 30px 35px !important;\n\t\t\t\t\t}\n\t\t\t\t}\n\t\t\t\t\t\t\t\t\t\t\t\t@media only screen and (min-width: 600px) and (max-width: 768px) {\n\t\t\t\t\t.qodef-elements-holder .qodef-elements-holder-item-content.qodef-elements-holder-custom-921561 {\n\t\t\t\t\t\tpadding: 0 0 30px 35px !important;\n\t\t\t\t\t}\n\t\t\t\t}\n\t\t\t\t\t\t\t\t\t\t\t\t@media only screen and (min-width: 480px) and (max-width: 600px) {\n\t\t\t\t\t.qodef-elements-holder .qodef-elements-holder-item-content.qodef-elements-holder-custom-921561 {\n\t\t\t\t\t\tpadding: 0 0 30px 35px !important;\n\t\t\t\t\t}\n\t\t\t\t}\n\t\t\t\t\t\t\t\t\t\t\t\t@media only screen and (max-width: 480px) {\n\t\t\t\t\t.qodef-elements-holder .qodef-elements-holder-item-content.qodef-elements-holder-custom-921561 {\n\t\t\t\t\t\tpadding: 0 0 30px 35px !important;\n\t\t\t\t\t}\n\t\t\t\t}\n\t\t\t\t\t\t\t\t<\/style>\n\t\t\t\t\t\t[vc_row_inner][vc_column_inner width=&#8221;1\/3&#8243;][\/vc_column_inner][vc_column_inner el_class=&#8221;.custom&#8221; width=&#8221;2\/3&#8243; css=&#8221;.vc_custom_1509302256064{margin-left: 0px !important;padding-top: 0px !important;padding-right: 0px !important;padding-bottom: 0px !important;padding-left: 0px !important;}&#8221;]\n<div class=\"qodef-custom-font-holder\" style=\"font-family: Source Sans Pro, sans-serif;font-size: 32px;font-weight: 700;color: #231f20\" data-font-size= 32>\n\tReformes\t<\/div>[vc_column_text]Disposem d&#8217;un departament d&#8217;arquitectura propi per cobrir qualsevol necessitat de projectes, direcci\u00f3 d&#8217;obres o informes t\u00e8cnics.[\/vc_column_text][\/vc_column_inner][\/vc_row_inner]\t\t<\/div>\n\t<\/div>\n<\/div><div class=\"qodef-elements-holder-item qodef-horizontal-alignment-center\" style=\"background-image: url(https:\/\/premiumbymasifill.com\/wp-content\/uploads\/2017\/10\/Servicios_a_medida_Reformas.jpg)\">\n\t<div class=\"qodef-elements-holder-item-inner\">\n\t\t<div class=\"qodef-elements-holder-item-content qodef-elements-holder-custom-744373\" style=\"padding: 0\">\n\t\t\t\t\t\t[vc_empty_space height=&#8221;400&#8243;]\t\t<\/div>\n\t<\/div>\n<\/div><\/div>[\/vc_column][\/vc_row][vc_row][vc_column]<div class=\"qodef-elements-holder qodef-two-columns qodef-responsive-mode-768\" ><div class=\"qodef-elements-holder-item \" style=\"background-image: url(https:\/\/premiumbymasifill.com\/wp-content\/uploads\/2017\/10\/Servicios_a_medida_Servicios_domiciliarios.jpg)\">\n\t<div class=\"qodef-elements-holder-item-inner\">\n\t\t<div class=\"qodef-elements-holder-item-content qodef-elements-holder-custom-261190\" style=\"padding: 0\">\n\t\t\t\t\t\t[vc_empty_space height=&#8221;400&#8243;]\t\t<\/div>\n\t<\/div>\n<\/div><div class=\"qodef-elements-holder-item qodef-vertical-alignment-top\" >\n\t<div class=\"qodef-elements-holder-item-inner\">\n\t\t<div class=\"qodef-elements-holder-item-content qodef-elements-holder-custom-189894\" >\n\t\t\t\t\t\t[vc_row_inner][vc_column_inner width=&#8221;3\/4&#8243; css=&#8221;.vc_custom_1508099347991{padding-top: 60px !important;padding-bottom: 50px !important;padding-left: 50px !important;}&#8221;]\n<div class=\"qodef-custom-font-holder\" style=\"font-family: Source Sans Pro, sans-serif;font-size: 32px;font-weight: 700;color: #231f20\" data-font-size= 32>\n\tServeis domiciliaris\t<\/div>[vc_column_text el_class=&#8221;.colortext&#8221;]Des d\u00b4un assistent de la llar, cuidadors, avaries&#8230;[\/vc_column_text][\/vc_column_inner][vc_column_inner width=&#8221;1\/4&#8243;][\/vc_column_inner][\/vc_row_inner]\t\t<\/div>\n\t<\/div>\n<\/div><\/div>[\/vc_column][\/vc_row]<\/p>\n<\/div>","protected":false},"excerpt":{"rendered":"<p>[vc_row el_class=&#8221;.title2&#8243; css=&#8221;.vc_custom_1507558088249{padding-top: 40px !important;padding-bottom: 50px !important;background-color: #ebd3b3 !important;}&#8221;][vc_column width=&#8221;1\/6&#8243;][\/vc_column][vc_column width=&#8221;5\/6&#8243;][\/vc_column][\/vc_row][vc_row][vc_column][\/vc_column][\/vc_row][vc_row][vc_column][\/vc_column][\/vc_row][vc_row][vc_column][\/vc_column][\/vc_row][vc_row][vc_column][\/vc_column][\/vc_row][vc_row][vc_column][\/vc_column][\/vc_row][vc_row][vc_column][\/vc_column][\/vc_row]<\/p>\n","protected":false},"author":1,"featured_media":0,"parent":0,"menu_order":0,"comment_status":"closed","ping_status":"closed","template":"servicio.php","meta":{"_acf_changed":false,"footnotes":"","_links_to":"","_links_to_target":""},"class_list":["post-3640","page","type-page","status-publish","hentry"],"acf":[],"aioseo_notices":[],"_links":{"self":[{"href":"https:\/\/premiumbymasifill.com\/ca\/wp-json\/wp\/v2\/pages\/3640","targetHints":{"allow":["GET"]}}],"collection":[{"href":"https:\/\/premiumbymasifill.com\/ca\/wp-json\/wp\/v2\/pages"}],"about":[{"href":"https:\/\/premiumbymasifill.com\/ca\/wp-json\/wp\/v2\/types\/page"}],"author":[{"embeddable":true,"href":"https:\/\/premiumbymasifill.com\/ca\/wp-json\/wp\/v2\/users\/1"}],"replies":[{"embeddable":true,"href":"https:\/\/premiumbymasifill.com\/ca\/wp-json\/wp\/v2\/comments?post=3640"}],"version-history":[{"count":56,"href":"https:\/\/premiumbymasifill.com\/ca\/wp-json\/wp\/v2\/pages\/3640\/revisions"}],"predecessor-version":[{"id":4730,"href":"https:\/\/premiumbymasifill.com\/ca\/wp-json\/wp\/v2\/pages\/3640\/revisions\/4730"}],"wp:attachment":[{"href":"https:\/\/premiumbymasifill.com\/ca\/wp-json\/wp\/v2\/media?parent=3640"}],"curies":[{"name":"wp","href":"https:\/\/api.w.org\/{rel}","templated":true}]}}