{"id":3597,"date":"2017-10-15T17:53:46","date_gmt":"2017-10-15T17:53:46","guid":{"rendered":"http:\/\/premiumbymasifill.com\/?page_id=3597"},"modified":"2022-03-08T13:09:33","modified_gmt":"2022-03-08T13:09:33","slug":"servicio-exclusive-by-masifill","status":"publish","type":"page","link":"https:\/\/premiumbymasifill.com\/ca\/servicio-exclusive-by-masifill\/","title":{"rendered":"Servei Exclusive"},"content":{"rendered":"<div class=\"wpb-content-wrapper\"><p>[vc_row el_class=&#8221;.title2&#8243; css=&#8221;.vc_custom_1509300364692{padding-top: 40px !important;padding-right: 30px !important;padding-bottom: 50px !important;background-color: #ebd3b3 !important;}&#8221;][vc_column width=&#8221;1\/6&#8243;][\/vc_column][vc_column width=&#8221;5\/6&#8243;]<div class=\"qodef-elements-holder qodef-responsive-mode-768\" ><div class=\"qodef-elements-holder-item \" >\n\t<div class=\"qodef-elements-holder-item-inner\">\n\t\t<div class=\"qodef-elements-holder-item-content qodef-elements-holder-custom-393498\" style=\"padding: 0\">\n\t\t\t\t\t\t<style type=\"text\/css\" data-type=\"qodef-elements-custom-padding\">\n\t\t\t\t\t\t\t\t@media only screen and (min-width: 1280px) and (max-width: 1600px) {\n\t\t\t\t\t.qodef-elements-holder .qodef-elements-holder-item-content.qodef-elements-holder-custom-393498 {\n\t\t\t\t\t\tpadding: 0 !important;\n\t\t\t\t\t}\n\t\t\t\t}\n\t\t\t\t\t\t\t\t\t\t\t\t\t@media only screen and (min-width: 1024px) and (max-width: 1280px) {\n\t\t\t\t\t\t.qodef-elements-holder .qodef-elements-holder-item-content.qodef-elements-holder-custom-393498 {\n\t\t\t\t\t\t\tpadding: 0 !important;\n\t\t\t\t\t\t}\n\t\t\t\t\t}\n\t\t\t\t\t\t\t\t\t\t\t\t@media only screen and (min-width: 768px) and (max-width: 1024px) {\n\t\t\t\t\t.qodef-elements-holder .qodef-elements-holder-item-content.qodef-elements-holder-custom-393498 {\n\t\t\t\t\t\tpadding: 0 30px 0 30px !important;\n\t\t\t\t\t}\n\t\t\t\t}\n\t\t\t\t\t\t\t\t\t\t\t\t@media only screen and (min-width: 600px) and (max-width: 768px) {\n\t\t\t\t\t.qodef-elements-holder .qodef-elements-holder-item-content.qodef-elements-holder-custom-393498 {\n\t\t\t\t\t\tpadding: 0 30px 0 30px !important;\n\t\t\t\t\t}\n\t\t\t\t}\n\t\t\t\t\t\t\t\t\t\t\t\t@media only screen and (min-width: 480px) and (max-width: 600px) {\n\t\t\t\t\t.qodef-elements-holder .qodef-elements-holder-item-content.qodef-elements-holder-custom-393498 {\n\t\t\t\t\t\tpadding: 0 30px 0 30px !important;\n\t\t\t\t\t}\n\t\t\t\t}\n\t\t\t\t\t\t\t\t\t\t\t\t@media only screen and (max-width: 480px) {\n\t\t\t\t\t.qodef-elements-holder .qodef-elements-holder-item-content.qodef-elements-holder-custom-393498 {\n\t\t\t\t\t\tpadding: 0 30px 0 30px !important;\n\t\t\t\t\t}\n\t\t\t\t}\n\t\t\t\t\t\t\t\t<\/style>\n\t\t\t\t\t\t[vc_column_text css=&#8221;.vc_custom_1509900138676{margin-right: 30px !important;padding-right: 30px !important;}&#8221;]\u2014 03<br \/>\nServei Exclusive by MASIFILL[\/vc_column_text]\t\t<\/div>\n\t<\/div>\n<\/div><\/div>[\/vc_column][\/vc_row][vc_row css=&#8221;.vc_custom_1508090550986{padding-top: 30px !important;padding-bottom: 30px !important;background-color: #ededed !important;}&#8221; el_class=&#8221;.title3&#8243;][vc_column width=&#8221;1\/6&#8243;][\/vc_column][vc_column width=&#8221;2\/3&#8243; css=&#8221;.vc_custom_1508097884318{margin-right: 0px !important;margin-left: 0px !important;padding-top: 0px !important;padding-right: 0px !important;padding-bottom: 20px !important;padding-left: 0px !important;}&#8221;]<div class=\"qodef-elements-holder qodef-responsive-mode-768\" ><div class=\"qodef-elements-holder-item \" >\n\t<div class=\"qodef-elements-holder-item-inner\">\n\t\t<div class=\"qodef-elements-holder-item-content qodef-elements-holder-custom-586731\" style=\"padding: 0\">\n\t\t\t\t\t\t<style type=\"text\/css\" data-type=\"qodef-elements-custom-padding\">\n\t\t\t\t\t\t\t\t@media only screen and (min-width: 1280px) and (max-width: 1600px) {\n\t\t\t\t\t.qodef-elements-holder .qodef-elements-holder-item-content.qodef-elements-holder-custom-586731 {\n\t\t\t\t\t\tpadding: 0 !important;\n\t\t\t\t\t}\n\t\t\t\t}\n\t\t\t\t\t\t\t\t\t\t\t\t\t@media only screen and (min-width: 1024px) and (max-width: 1280px) {\n\t\t\t\t\t\t.qodef-elements-holder .qodef-elements-holder-item-content.qodef-elements-holder-custom-586731 {\n\t\t\t\t\t\t\tpadding: 0 !important;\n\t\t\t\t\t\t}\n\t\t\t\t\t}\n\t\t\t\t\t\t\t\t\t\t\t\t@media only screen and (min-width: 768px) and (max-width: 1024px) {\n\t\t\t\t\t.qodef-elements-holder .qodef-elements-holder-item-content.qodef-elements-holder-custom-586731 {\n\t\t\t\t\t\tpadding: 0 30px 0 30px !important;\n\t\t\t\t\t}\n\t\t\t\t}\n\t\t\t\t\t\t\t\t\t\t\t\t@media only screen and (min-width: 600px) and (max-width: 768px) {\n\t\t\t\t\t.qodef-elements-holder .qodef-elements-holder-item-content.qodef-elements-holder-custom-586731 {\n\t\t\t\t\t\tpadding: 0 30px 0 30px !important;\n\t\t\t\t\t}\n\t\t\t\t}\n\t\t\t\t\t\t\t\t\t\t\t\t@media only screen and (min-width: 480px) and (max-width: 600px) {\n\t\t\t\t\t.qodef-elements-holder .qodef-elements-holder-item-content.qodef-elements-holder-custom-586731 {\n\t\t\t\t\t\tpadding: 0 30px 0 30px !important;\n\t\t\t\t\t}\n\t\t\t\t}\n\t\t\t\t\t\t\t\t\t\t\t\t@media only screen and (max-width: 480px) {\n\t\t\t\t\t.qodef-elements-holder .qodef-elements-holder-item-content.qodef-elements-holder-custom-586731 {\n\t\t\t\t\t\tpadding: 0 30px 0 30px !important;\n\t\t\t\t\t}\n\t\t\t\t}\n\t\t\t\t\t\t\t\t<\/style>\n\t\t\t\t\t\t[vc_column_text]Amb el nostre servei integral Exclusive de Premium Homes, vost\u00e8 disposar\u00e0 de tots aquells serveis que pot necessitar en la venda de la seva llar, encarregant-nos de tot el proc\u00e9s de forma eficient i transparent, de principi a fi.[\/vc_column_text]\t\t<\/div>\n\t<\/div>\n<\/div><\/div>[\/vc_column][vc_column width=&#8221;1\/6&#8243;][\/vc_column][\/vc_row][vc_row][vc_column]<div class=\"qodef-elements-holder qodef-two-columns qodef-responsive-mode-768\" ><div class=\"qodef-elements-holder-item \" style=\"background-image: url(https:\/\/premiumbymasifill.com\/wp-content\/uploads\/2017\/10\/Servicio_exclusive_masifill.jpg)\">\n\t<div class=\"qodef-elements-holder-item-inner\">\n\t\t<div class=\"qodef-elements-holder-item-content qodef-elements-holder-custom-895222\" style=\"padding: 0\">\n\t\t\t\t\t\t[vc_empty_space height=&#8221;400&#8243;]\t\t<\/div>\n\t<\/div>\n<\/div><div class=\"qodef-elements-holder-item qodef-vertical-alignment-top\" >\n\t<div class=\"qodef-elements-holder-item-inner\">\n\t\t<div class=\"qodef-elements-holder-item-content qodef-elements-holder-custom-403893\" style=\"padding: 0 0 0 50px\">\n\t\t\t\t\t\t<style type=\"text\/css\" data-type=\"qodef-elements-custom-padding\">\n\t\t\t\t\t\t\t\t@media only screen and (min-width: 1280px) and (max-width: 1600px) {\n\t\t\t\t\t.qodef-elements-holder .qodef-elements-holder-item-content.qodef-elements-holder-custom-403893 {\n\t\t\t\t\t\tpadding: 0 0 0 50px !important;\n\t\t\t\t\t}\n\t\t\t\t}\n\t\t\t\t\t\t\t\t\t\t\t\t\t@media only screen and (min-width: 1024px) and (max-width: 1280px) {\n\t\t\t\t\t\t.qodef-elements-holder .qodef-elements-holder-item-content.qodef-elements-holder-custom-403893 {\n\t\t\t\t\t\t\tpadding: 0 0 0 50px !important;\n\t\t\t\t\t\t}\n\t\t\t\t\t}\n\t\t\t\t\t\t\t\t\t\t\t\t@media only screen and (min-width: 768px) and (max-width: 1024px) {\n\t\t\t\t\t.qodef-elements-holder .qodef-elements-holder-item-content.qodef-elements-holder-custom-403893 {\n\t\t\t\t\t\tpadding: 0 0 0 40px !important;\n\t\t\t\t\t}\n\t\t\t\t}\n\t\t\t\t\t\t\t\t\t\t\t\t@media only screen and (min-width: 600px) and (max-width: 768px) {\n\t\t\t\t\t.qodef-elements-holder .qodef-elements-holder-item-content.qodef-elements-holder-custom-403893 {\n\t\t\t\t\t\tpadding: 0 0 0 40px !important;\n\t\t\t\t\t}\n\t\t\t\t}\n\t\t\t\t\t\t\t\t\t\t\t\t@media only screen and (min-width: 480px) and (max-width: 600px) {\n\t\t\t\t\t.qodef-elements-holder .qodef-elements-holder-item-content.qodef-elements-holder-custom-403893 {\n\t\t\t\t\t\tpadding: 0 0 0 40px !important;\n\t\t\t\t\t}\n\t\t\t\t}\n\t\t\t\t\t\t\t\t\t\t\t\t@media only screen and (max-width: 480px) {\n\t\t\t\t\t.qodef-elements-holder .qodef-elements-holder-item-content.qodef-elements-holder-custom-403893 {\n\t\t\t\t\t\tpadding: 0 0 0 40px !important;\n\t\t\t\t\t}\n\t\t\t\t}\n\t\t\t\t\t\t\t\t<\/style>\n\t\t\t\t\t\t[vc_row_inner][vc_column_inner el_class=&#8221;.colortext&#8221; width=&#8221;3\/4&#8243; css=&#8221;.vc_custom_1509299955661{padding-top: 40px !important;padding-bottom: 50px !important;padding-left: 0px !important;}&#8221;]\n<div class=\"qodef-custom-font-holder\" style=\"font-family: Source Sans Pro, sans-serif;font-size: 32px;font-weight: 700;color: #e15100\" data-font-size= 32>\n\tEl nostre servei inclou:\t<\/div>[vc_column_text el_class=&#8221;.colortext&#8221;]<\/p>\n<div style=\"color: #e15100;\">&gt; Valoraci\u00f3 professional en 48 hores<br \/>\n&gt; Cartera real de compradors (inversors, patrimonialistes, family-offices)<\/div>\n<div style=\"color: #e15100;\">&gt; Reportatge fotogr\u00e0fic i v\u00eddeo professional<br \/>\n&gt; Publicitat premium en portals immobiliaris nacionals i internacionals<br \/>\n&gt; Supervisi\u00f3 i acompanyament en tot el proc\u00e9s de venda per part d&#8217;un advocat<br \/>\n&gt; Preparaci\u00f3 de documents i contractes<br \/>\n&gt; Cerca de finan\u00e7ament per al comprador<br \/>\n&gt; An\u00e0lisi de producte i estrat\u00e8gia de comercialitzaci\u00f3 individualitzada<br \/>\n&gt; Gesti\u00f3 plusv\u00e0lua municipal<br \/>\n&gt; Planificaci\u00f3 fiscal compravenda<br \/>\n&gt; Tramitaci\u00f3 c\u00e8dula d&#8217;habitabilitat i certificat d&#8217;efici\u00e8ncia energ\u00e8tica<br \/>\n&gt; Informe continuat de gesti\u00f3 comercial<\/div>\n<p>[\/vc_column_text][\/vc_column_inner][vc_column_inner width=&#8221;1\/4&#8243;][\/vc_column_inner][\/vc_row_inner]\t\t<\/div>\n\t<\/div>\n<\/div><\/div>[\/vc_column][\/vc_row][vc_row][vc_column]<div class=\"qodef-elements-holder qodef-two-columns qodef-responsive-mode-768\" ><div class=\"qodef-elements-holder-item qodef-vertical-alignment-top\" >\n\t<div class=\"qodef-elements-holder-item-inner\">\n\t\t<div class=\"qodef-elements-holder-item-content qodef-elements-holder-custom-840461\" style=\"padding: 0\">\n\t\t\t\t\t\t<style type=\"text\/css\" data-type=\"qodef-elements-custom-padding\">\n\t\t\t\t\t\t\t\t@media only screen and (min-width: 1280px) and (max-width: 1600px) {\n\t\t\t\t\t.qodef-elements-holder .qodef-elements-holder-item-content.qodef-elements-holder-custom-840461 {\n\t\t\t\t\t\tpadding: 0 !important;\n\t\t\t\t\t}\n\t\t\t\t}\n\t\t\t\t\t\t\t\t\t\t\t\t\t@media only screen and (min-width: 1024px) and (max-width: 1280px) {\n\t\t\t\t\t\t.qodef-elements-holder .qodef-elements-holder-item-content.qodef-elements-holder-custom-840461 {\n\t\t\t\t\t\t\tpadding: 0 !important;\n\t\t\t\t\t\t}\n\t\t\t\t\t}\n\t\t\t\t\t\t\t\t\t\t\t\t@media only screen and (min-width: 768px) and (max-width: 1024px) {\n\t\t\t\t\t.qodef-elements-holder .qodef-elements-holder-item-content.qodef-elements-holder-custom-840461 {\n\t\t\t\t\t\tpadding: 0 0 0 20px !important;\n\t\t\t\t\t}\n\t\t\t\t}\n\t\t\t\t\t\t\t\t\t\t\t\t@media only screen and (min-width: 600px) and (max-width: 768px) {\n\t\t\t\t\t.qodef-elements-holder .qodef-elements-holder-item-content.qodef-elements-holder-custom-840461 {\n\t\t\t\t\t\tpadding: 0 0 0 20px !important;\n\t\t\t\t\t}\n\t\t\t\t}\n\t\t\t\t\t\t\t\t\t\t\t\t@media only screen and (min-width: 480px) and (max-width: 600px) {\n\t\t\t\t\t.qodef-elements-holder .qodef-elements-holder-item-content.qodef-elements-holder-custom-840461 {\n\t\t\t\t\t\tpadding: 0 0 0 20px !important;\n\t\t\t\t\t}\n\t\t\t\t}\n\t\t\t\t\t\t\t\t\t\t\t\t@media only screen and (max-width: 480px) {\n\t\t\t\t\t.qodef-elements-holder .qodef-elements-holder-item-content.qodef-elements-holder-custom-840461 {\n\t\t\t\t\t\tpadding: 0 0 0 20px !important;\n\t\t\t\t\t}\n\t\t\t\t}\n\t\t\t\t\t\t\t\t<\/style>\n\t\t\t\t\t\t[vc_row_inner][vc_column_inner width=&#8221;1\/4&#8243;][\/vc_column_inner][vc_column_inner el_class=&#8221;.custom&#8221; width=&#8221;3\/4&#8243; css=&#8221;.vc_custom_1508097081813{padding-top: 60px !important;padding-right: 50px !important;padding-bottom: 40px !important;}&#8221;]\n<div class=\"qodef-custom-font-holder\" style=\"font-family: Source Sans Pro, sans-serif;font-size: 32px;font-weight: 700;color: #231f20\" data-font-size= 32>\n\t8 Raons per confiar en nosaltres:\t<\/div>[vc_column_text]1. Exclusivitat i atenci\u00f3 a la defensa dels seus interessos<br \/>\n2. Inversi\u00f3 de recursos i dedicaci\u00f3 personalitzada a la seva llar<br \/>\n3. Publiquem el seu immoble de manera preferent en els millors portals immobiliaris nacionals i internacionals<br \/>\n4. Valorem correctament la seva llar per comen\u00e7ar a treballar<br \/>\n5. El nostre treball en exclusiva garanteix clients i visites reals<br \/>\n6. Transpar\u00e8ncia i seguretat en tot el nostre proc\u00e9s de compra venda<br \/>\n7. Identifiquem i potenciem les millors qualitats de la seva llar<br \/>\n8. Presentem la seva llar a la nostra cartera d&#8217;inversors patrimonialistes[\/vc_column_text][\/vc_column_inner][\/vc_row_inner]\t\t<\/div>\n\t<\/div>\n<\/div><div class=\"qodef-elements-holder-item qodef-horizontal-alignment-center\" style=\"background-image: url(https:\/\/premiumbymasifill.com\/wp-content\/uploads\/2017\/10\/Servicio_exclusive_masifill_2.jpg)\">\n\t<div class=\"qodef-elements-holder-item-inner\">\n\t\t<div class=\"qodef-elements-holder-item-content qodef-elements-holder-custom-315417\" style=\"padding: 0\">\n\t\t\t\t\t\t[vc_empty_space height=&#8221;400&#8243;]\t\t<\/div>\n\t<\/div>\n<\/div><\/div>[\/vc_column][\/vc_row]<\/p>\n<\/div>","protected":false},"excerpt":{"rendered":"<p>[vc_row el_class=&#8221;.title2&#8243; css=&#8221;.vc_custom_1509300364692{padding-top: 40px !important;padding-right: 30px !important;padding-bottom: 50px !important;background-color: #ebd3b3 !important;}&#8221;][vc_column width=&#8221;1\/6&#8243;][\/vc_column][vc_column width=&#8221;5\/6&#8243;][\/vc_column][\/vc_row][vc_row css=&#8221;.vc_custom_1508090550986{padding-top: 30px !important;padding-bottom: 30px !important;background-color: #ededed !important;}&#8221; el_class=&#8221;.title3&#8243;][vc_column width=&#8221;1\/6&#8243;][\/vc_column][vc_column width=&#8221;2\/3&#8243; css=&#8221;.vc_custom_1508097884318{margin-right: 0px !important;margin-left: 0px !important;padding-top: 0px !important;padding-right: 0px !important;padding-bottom: 20px !important;padding-left: 0px !important;}&#8221;][\/vc_column][vc_column width=&#8221;1\/6&#8243;][\/vc_column][\/vc_row][vc_row][vc_column][\/vc_column][\/vc_row][vc_row][vc_column][\/vc_column][\/vc_row]<\/p>\n","protected":false},"author":1,"featured_media":0,"parent":0,"menu_order":0,"comment_status":"closed","ping_status":"closed","template":"servicio.php","meta":{"_acf_changed":false,"footnotes":"","_links_to":"","_links_to_target":""},"class_list":["post-3597","page","type-page","status-publish","hentry"],"acf":[],"aioseo_notices":[],"_links":{"self":[{"href":"https:\/\/premiumbymasifill.com\/ca\/wp-json\/wp\/v2\/pages\/3597","targetHints":{"allow":["GET"]}}],"collection":[{"href":"https:\/\/premiumbymasifill.com\/ca\/wp-json\/wp\/v2\/pages"}],"about":[{"href":"https:\/\/premiumbymasifill.com\/ca\/wp-json\/wp\/v2\/types\/page"}],"author":[{"embeddable":true,"href":"https:\/\/premiumbymasifill.com\/ca\/wp-json\/wp\/v2\/users\/1"}],"replies":[{"embeddable":true,"href":"https:\/\/premiumbymasifill.com\/ca\/wp-json\/wp\/v2\/comments?post=3597"}],"version-history":[{"count":67,"href":"https:\/\/premiumbymasifill.com\/ca\/wp-json\/wp\/v2\/pages\/3597\/revisions"}],"predecessor-version":[{"id":8509,"href":"https:\/\/premiumbymasifill.com\/ca\/wp-json\/wp\/v2\/pages\/3597\/revisions\/8509"}],"wp:attachment":[{"href":"https:\/\/premiumbymasifill.com\/ca\/wp-json\/wp\/v2\/media?parent=3597"}],"curies":[{"name":"wp","href":"https:\/\/api.w.org\/{rel}","templated":true}]}}