{"id":3043,"date":"2017-10-05T21:17:01","date_gmt":"2017-10-05T21:17:01","guid":{"rendered":"http:\/\/premiumbymasifill.com\/?page_id=3043"},"modified":"2022-02-24T12:13:05","modified_gmt":"2022-02-24T12:13:05","slug":"por-que-barcelona","status":"publish","type":"page","link":"https:\/\/premiumbymasifill.com\/ca\/por-que-barcelona\/","title":{"rendered":"Per qu\u00e8 Barcelona?"},"content":{"rendered":"<div class=\"wpb-content-wrapper\"><p>[vc_row content_aligment=&#8221;center&#8221; css=&#8221;.vc_custom_1507282380084{background-color: #bcbcbc !important;}&#8221;][vc_column][vc_single_image image=&#8221;3058&#8243; img_size=&#8221;full&#8221;][\/vc_column][\/vc_row][vc_row][vc_column][vc_column_text]<br \/>\n[\/vc_column_text][\/vc_column][\/vc_row][vc_row css=&#8221;.vc_custom_1507208460645{padding-top: 60px !important;padding-bottom: 60px !important;}&#8221; el_class=&#8221;.custom&#8221;][vc_column width=&#8221;1\/6&#8243;][\/vc_column][vc_column width=&#8221;2\/3&#8243;]<div class=\"qodef-elements-holder qodef-responsive-mode-768\" ><div class=\"qodef-elements-holder-item \" >\n\t<div class=\"qodef-elements-holder-item-inner\">\n\t\t<div class=\"qodef-elements-holder-item-content qodef-elements-holder-custom-131655\" style=\"padding: 0\">\n\t\t\t\t\t\t<style type=\"text\/css\" data-type=\"qodef-elements-custom-padding\">\n\t\t\t\t\t\t\t\t@media only screen and (min-width: 1280px) and (max-width: 1600px) {\n\t\t\t\t\t.qodef-elements-holder .qodef-elements-holder-item-content.qodef-elements-holder-custom-131655 {\n\t\t\t\t\t\tpadding: 0 !important;\n\t\t\t\t\t}\n\t\t\t\t}\n\t\t\t\t\t\t\t\t\t\t\t\t\t@media only screen and (min-width: 1024px) and (max-width: 1280px) {\n\t\t\t\t\t\t.qodef-elements-holder .qodef-elements-holder-item-content.qodef-elements-holder-custom-131655 {\n\t\t\t\t\t\t\tpadding: 0 !important;\n\t\t\t\t\t\t}\n\t\t\t\t\t}\n\t\t\t\t\t\t\t\t\t\t\t\t@media only screen and (min-width: 768px) and (max-width: 1024px) {\n\t\t\t\t\t.qodef-elements-holder .qodef-elements-holder-item-content.qodef-elements-holder-custom-131655 {\n\t\t\t\t\t\tpadding: 0 20px 0 20px !important;\n\t\t\t\t\t}\n\t\t\t\t}\n\t\t\t\t\t\t\t\t\t\t\t\t@media only screen and (min-width: 600px) and (max-width: 768px) {\n\t\t\t\t\t.qodef-elements-holder .qodef-elements-holder-item-content.qodef-elements-holder-custom-131655 {\n\t\t\t\t\t\tpadding: 0 20px 0 20px !important;\n\t\t\t\t\t}\n\t\t\t\t}\n\t\t\t\t\t\t\t\t\t\t\t\t@media only screen and (min-width: 480px) and (max-width: 600px) {\n\t\t\t\t\t.qodef-elements-holder .qodef-elements-holder-item-content.qodef-elements-holder-custom-131655 {\n\t\t\t\t\t\tpadding: 0 20px 0 20px !important;\n\t\t\t\t\t}\n\t\t\t\t}\n\t\t\t\t\t\t\t\t\t\t\t\t@media only screen and (max-width: 480px) {\n\t\t\t\t\t.qodef-elements-holder .qodef-elements-holder-item-content.qodef-elements-holder-custom-131655 {\n\t\t\t\t\t\tpadding: 0 20px 0 20px !important;\n\t\t\t\t\t}\n\t\t\t\t}\n\t\t\t\t\t\t\t\t<\/style>\n\t\t\t\t\t\t\n<h2 class=\"qodef-custom-font-holder\" style=\"font-family: Playfair Display;font-size: 32px;line-height: 30px;font-weight: 700;text-align: left;color: #e15100\" data-font-size= 32 data-line-height= 30>\n\tBarcelona est\u00e0 de moda!\t<\/h2>[vc_column_text]I ho est\u00e0 per molts motius.<\/p>\n<p>Barcelona \u00e9s una ciutat cosmopolita, din\u00e0mica i una de les poblacions m\u00e9s desitjades per viure. El seu clima, qualitat de vida, serveis, oferta cultural i comunicacions fan d&#8217;aquesta bella ciutat el dest\u00ed predilecte de molts que busquen comprar una propietat per viure, com a segona resid\u00e8ncia o com a inversi\u00f3.<\/p>\n<p>A Barcelona, \u200b\u200ba m\u00e9s, podem trobar una \u00e0mplia varietat de propietats amb encant que s&#8217;adapten a cada estil de vida.<\/p>\n<p>En Premium Homes by MASIFILL l&#8217;ajudem a trobar aquest habitatge ideal. La nostra \u00e0mplia experi\u00e8ncia i profund coneixement de la ciutat i els voltants i la nostra forma de treballar personalitzada ens permet treballar de forma \u00e0gil i efica\u00e7.[\/vc_column_text]\t\t<\/div>\n\t<\/div>\n<\/div><\/div>[\/vc_column][vc_column width=&#8221;1\/6&#8243;][\/vc_column][\/vc_row][vc_row][\/vc_row][vc_column][\/vc_column]<\/p>\n<\/div>","protected":false},"excerpt":{"rendered":"<p>[vc_row content_aligment=&#8221;center&#8221; css=&#8221;.vc_custom_1507282380084{background-color: #bcbcbc !important;}&#8221;][vc_column][vc_single_image image=&#8221;3058&#8243; img_size=&#8221;full&#8221;][\/vc_column][\/vc_row][vc_row][vc_column][vc_column_text] [\/vc_column_text][\/vc_column][\/vc_row][vc_row css=&#8221;.vc_custom_1507208460645{padding-top: 60px !important;padding-bottom: 60px !important;}&#8221; el_class=&#8221;.custom&#8221;][vc_column width=&#8221;1\/6&#8243;][\/vc_column][vc_column width=&#8221;2\/3&#8243;][\/vc_column][vc_column width=&#8221;1\/6&#8243;][\/vc_column][\/vc_row][vc_row][\/vc_row][vc_column][\/vc_column]<\/p>\n","protected":false},"author":1,"featured_media":0,"parent":0,"menu_order":0,"comment_status":"closed","ping_status":"closed","template":"full-width.php","meta":{"_acf_changed":false,"footnotes":"","_links_to":"","_links_to_target":""},"class_list":["post-3043","page","type-page","status-publish","hentry"],"acf":[],"aioseo_notices":[],"_links":{"self":[{"href":"https:\/\/premiumbymasifill.com\/ca\/wp-json\/wp\/v2\/pages\/3043","targetHints":{"allow":["GET"]}}],"collection":[{"href":"https:\/\/premiumbymasifill.com\/ca\/wp-json\/wp\/v2\/pages"}],"about":[{"href":"https:\/\/premiumbymasifill.com\/ca\/wp-json\/wp\/v2\/types\/page"}],"author":[{"embeddable":true,"href":"https:\/\/premiumbymasifill.com\/ca\/wp-json\/wp\/v2\/users\/1"}],"replies":[{"embeddable":true,"href":"https:\/\/premiumbymasifill.com\/ca\/wp-json\/wp\/v2\/comments?post=3043"}],"version-history":[{"count":18,"href":"https:\/\/premiumbymasifill.com\/ca\/wp-json\/wp\/v2\/pages\/3043\/revisions"}],"predecessor-version":[{"id":8387,"href":"https:\/\/premiumbymasifill.com\/ca\/wp-json\/wp\/v2\/pages\/3043\/revisions\/8387"}],"wp:attachment":[{"href":"https:\/\/premiumbymasifill.com\/ca\/wp-json\/wp\/v2\/media?parent=3043"}],"curies":[{"name":"wp","href":"https:\/\/api.w.org\/{rel}","templated":true}]}}