{"id":10106,"date":"2025-07-17T09:45:38","date_gmt":"2025-07-17T09:45:38","guid":{"rendered":"https:\/\/premiumbymasifill.com\/immuebles\/casa-de-estilo-colonial-con-una-distribucion-muy-comoda-con-muchas-posibilidades-de-reforma-2\/"},"modified":"2026-04-20T13:28:09","modified_gmt":"2026-04-20T13:28:09","slug":"ubicada-en-una-zona-muy-tranquila-de-bellaterra","status":"publish","type":"page","link":"https:\/\/premiumbymasifill.com\/ca\/immuebles\/ubicada-en-una-zona-muy-tranquila-de-bellaterra\/","title":{"rendered":"Ubicada en una zona molt tranquil.la a Bellaterra"},"content":{"rendered":"<div class=\"wpb-content-wrapper\"><p>[vc_row css=&#8221;.vc_custom_1616662559700{margin-top: 0px !important;margin-bottom: 0px !important;padding-top: 0px !important;padding-bottom: 0px !important;}&#8221;][vc_column css=&#8221;.vc_custom_1616662336883{margin-top: 0px !important;margin-bottom: 0px !important;padding-top: 0px !important;padding-bottom: 0px !important;}&#8221;][vc_raw_html]JTNDcCUyMGNsYXNzJTNEJTIycG9ibGFjaW8yJTIyJTNFJTIwQmVsbGF0ZXJyYSUyQyUyMEJhcmNlbG9uYSUzQyUyRnAlM0U=[\/vc_raw_html][\/vc_column][\/vc_row][vc_row el_class=&#8221;nom&#8221; css=&#8221;.vc_custom_1616662858073{margin-top: 0px !important;margin-bottom: 0px !important;padding-top: 0px !important;padding-bottom: 0px !important;}&#8221;][vc_column css=&#8221;.vc_custom_1616662342299{margin-top: 0px !important;margin-bottom: 0px !important;padding-top: 0px !important;padding-bottom: 0px !important;}&#8221;][vc_column_text css=&#8221;.vc_custom_1752745929830{margin-top: 0px !important;margin-bottom: 0px !important;padding-top: 0px !important;padding-bottom: 0px !important;}&#8221; el_class=&#8221;avantitol&#8221;]Ubicada en una zona molt tranquil.la a Bellaterra[\/vc_column_text][\/vc_column][\/vc_row][vc_row][vc_column width=&#8221;1\/2&#8243; css=&#8221;.vc_custom_1616670218781{padding-right: 40px !important;}&#8221;][vc_row_inner][vc_column_inner][vc_raw_html]JTNDcCUyMGNsYXNzJTNEJTIycHJldSUyMiUzRSUyMDEuMDUwLjAwMCVFMiU4MiVBQyUzQyUyRnAlM0U=[\/vc_raw_html][\/vc_column_inner][\/vc_row_inner][vc_row_inner el_class=&#8221;detall&#8221;][vc_column_inner css=&#8221;.vc_custom_1616663839958{margin-top: 0px !important;margin-bottom: 0px !important;padding-top: 0px !important;padding-bottom: 0px !important;}&#8221;][vc_raw_html]JTNDcCUyMGNsYXNzJTNEJTIycG9ibGFjaW8yJTIyJTNFZG9ybWl0b3JpcyUzQyUyRnAlM0U=[\/vc_raw_html][vc_column_text css=&#8221;.vc_custom_1752745858150{margin-top: 0px !important;margin-bottom: 0px !important;padding-top: 0px !important;padding-bottom: 0px !important;}&#8221;]4[\/vc_column_text][\/vc_column_inner][\/vc_row_inner][vc_row_inner el_class=&#8221;detall&#8221;][vc_column_inner css=&#8221;.vc_custom_1616663839958{margin-top: 0px !important;margin-bottom: 0px !important;padding-top: 0px !important;padding-bottom: 0px !important;}&#8221;][vc_raw_html]JTNDcCUyMGNsYXNzJTNEJTIyZGV0YWxsZXMlMjIlM0VCYW55cyUzQyUyRnAlM0U=[\/vc_raw_html][vc_column_text css=&#8221;.vc_custom_1752745865694{margin-top: 0px !important;margin-bottom: 0px !important;padding-top: 0px !important;padding-bottom: 0px !important;}&#8221;]4[\/vc_column_text][\/vc_column_inner][\/vc_row_inner][vc_row_inner el_class=&#8221;detall&#8221;][vc_column_inner css=&#8221;.vc_custom_1616663839958{margin-top: 0px !important;margin-bottom: 0px !important;padding-top: 0px !important;padding-bottom: 0px !important;}&#8221;][vc_raw_html]JTNDcCUyMGNsYXNzJTNEJTIyZGV0YWxsZXMlMjIlM0UlQzMlODByZWElMjBJbnRlcm5hJTIwQnJ1dGElM0MlMkZwJTNF[\/vc_raw_html][vc_column_text css=&#8221;.vc_custom_1752745905961{margin-top: 0px !important;margin-bottom: 0px !important;padding-top: 0px !important;padding-bottom: 0px !important;}&#8221;]295m2[\/vc_column_text][vc_column_text css=&#8221;.vc_custom_1776691612311{margin-top: 0px !important;margin-bottom: 0px !important;padding-top: 0px !important;padding-bottom: 0px !important;}&#8221;]Ubicada en una zona molt tranquil\u00b7la de Bellaterra trobem aquesta bonica casa de 295 m\u00b2. m\u00e9s terrasses i porxo sobre un terreny de 1.271\u202fm\u00b2.<br \/>\nTant la planta de dia com la zona de nit es van dissenyar en dues semi plantes, resultant molt c\u00f2moda i funcional.<br \/>\nEntrant per la porta principal, hi trobem un distribu\u00efdor, una cuina office, un gran menjador i sal\u00f3 amb llar de foc amb acc\u00e9s a una terrassa amb vista al bonic jard\u00ed i un lavabo de cortesia. A la zona de nit tenim tres dormitoris dobles, tots ells amb armaris de paret envoltats d&#8217;una terrassa exterior i dues cambres de bany ; el total constru\u00eft de les dues semi plantes \u00e9s 214 m\u00b2.<br \/>\nA la planta soterrani que connecta amb el jard\u00ed posterior i m\u00e9s privatiu de la finca tenim la zona d&#8217;aig\u00fces i planxador, un rebost, la cambra de la caldera, un bany,1 sala d&#8217;estar-despatx<br \/>\namb la possibilitat de fer un dormitori per a convidats amb un bonic i tranquil porxo exterior integrat al jard\u00ed pl\u00e0cid i frond\u00f3s . El total constru\u00eft d&#8217;aquesta planta \u00e9s de 82 m\u00b2.<\/p>\n<p>Garatge a planta de 30\u202fm\u00b2.<\/p>\n<p>&nbsp;<\/p>\n<p>DESCRIPCI\u00d3 UBICACI\u00d3:<br \/>\nBellaterra est\u00e0 ubicada al millor enclavament estrat\u00e8gic del Vall\u00e8s entre les poblacions de Sant Cugat, Sabadell, Sant Quirze i Cerdanyola. Amb acc\u00e9s directe a les autopistes C-58 i AP-7\/B-30 ens permet entrar a Barcelona en menys de 12 i 20 minuts respectivament. Envoltada d&#8217;Universitats (UAB, UIC I ESADE&#8230;), dels col\u00b7legis Internacionals m\u00e9s prestigiosos (\u00c0gora, Europa Internacional School, Escola Waldof Steiner, Vall, Viar\u00f3, Col\u00b7legi Japon\u00e8s de Barcelona&#8230;), de centres esportius (Cercle Sabadell\u00e8s, SAF de la UAB, Camp de golf del Vall\u00e8s&#8230;) i de parcs empresarials Pol\u00ed a Cerdanyola&#8230;), a m\u00e9s \u00e9s a 5 minuts d&#8217;hospitals (Parc Tauli, Hospital General de Catalunya), de centres comercials i d&#8217;oci (IKEA, Corte Ingl\u00e9s, cinemes&#8230;). Tot aix\u00f2 fa que aquest lloc sigui un lloc privilegiat per combinar feina i vida familiar en un entorn natural.<\/p>\n<p>&nbsp;<\/p>\n<p>Impostos ITP, despeses notarials i registrals no inclosos en el preu.<\/p>\n<p>C\u00e8dula d &#8216;habitabilitat: 07301124001<\/p>\n<p>El propietari NO \u00e9s gran tenedor.<\/p>\n<p>N\u00famero de registre AICAT 1214<\/p>\n<p>Col\u00b7legiat API 2677<\/p>\n<p>El producte est\u00e0 promocionat per MASIFILL, que gestiona immobles des de 1932.<br \/>\nPersona de contacte Carmen Hern\u00e1ndez 660 648 479[\/vc_column_text][vc_column_text css=&#8221;.vc_custom_1634206303572{margin-top: 0px !important;margin-bottom: 0px !important;padding-top: 0px !important;padding-bottom: 0px !important;}&#8221;][\/vc_column_text][vc_column_text css=&#8221;.vc_custom_1630670417021{margin-top: 0px !important;margin-bottom: 0px !important;padding-top: 0px !important;padding-bottom: 0px !important;}&#8221;][\/vc_column_text][vc_column_text css=&#8221;.vc_custom_1630670429353{margin-top: 0px !important;margin-bottom: 0px !important;padding-top: 0px !important;padding-bottom: 0px !important;}&#8221;][\/vc_column_text][vc_column_text css=&#8221;.vc_custom_1630670438318{margin-top: 0px !important;margin-bottom: 0px !important;padding-top: 0px !important;padding-bottom: 0px !important;}&#8221;][\/vc_column_text][vc_column_text css=&#8221;.vc_custom_1630670449569{margin-top: 0px !important;margin-bottom: 0px !important;padding-top: 0px !important;padding-bottom: 0px !important;}&#8221;][\/vc_column_text][vc_column_text css=&#8221;.vc_custom_1630670457913{margin-top: 0px !important;margin-bottom: 0px !important;padding-top: 0px !important;padding-bottom: 0px !important;}&#8221;][\/vc_column_text][\/vc_column_inner][\/vc_row_inner][\/vc_column][vc_column width=&#8221;1\/2&#8243;][vc_gallery type=&#8221;image_grid&#8221; images=&#8221;10117,10116,10112,10113,10114,10115,10118,10119,10120,10121,10122,10123,10124,10125,10126,10127,10128,10129,10130,10132,10133,10134,10135,10136,10137,10142,10138,10139,10140,10141,10143,10131&#8243; img_size=&#8221;full&#8221;][\/vc_column][\/vc_row][vc_row][vc_column][vc_empty_space height=&#8221;60px&#8221;][\/vc_column][\/vc_row][vc_row][vc_column]\n<div class=\"wpcf7 no-js\" id=\"wpcf7-f609-o1\" lang=\"en-US\" dir=\"ltr\" data-wpcf7-id=\"609\">\n<div class=\"screen-reader-response\"><p role=\"status\" aria-live=\"polite\" aria-atomic=\"true\"><\/p> <ul><\/ul><\/div>\n<form action=\"\/ca\/wp-json\/wp\/v2\/pages\/10106#wpcf7-f609-o1\" method=\"post\" class=\"wpcf7-form init\" aria-label=\"Contact form\" novalidate=\"novalidate\" data-status=\"init\">\n<fieldset class=\"hidden-fields-container\"><input type=\"hidden\" name=\"_wpcf7\" value=\"609\" \/><input type=\"hidden\" name=\"_wpcf7_version\" value=\"6.1.2\" \/><input type=\"hidden\" name=\"_wpcf7_locale\" value=\"en_US\" \/><input type=\"hidden\" name=\"_wpcf7_unit_tag\" value=\"wpcf7-f609-o1\" \/><input type=\"hidden\" name=\"_wpcf7_container_post\" value=\"0\" \/><input type=\"hidden\" name=\"_wpcf7_posted_data_hash\" value=\"\" \/>\n<\/fieldset>\n<div class=\"formcontact\">\n\t<h4>M\u00e9s informaci\u00f3\n\t<\/h4>\n<\/div>\n<div class=\"qodef-two-columns-50-50\">\n\t<div class=\"qodef-two-columns-50-50-inner\">\n\t\t<div class=\"qodef-column\">\n\t\t\t<div class=\"qodef-column-inner\">\n\t\t\t\t<p><span class=\"wpcf7-form-control-wrap\" data-name=\"your-name\"><input size=\"40\" maxlength=\"400\" class=\"wpcf7-form-control wpcf7-text wpcf7-validates-as-required\" aria-required=\"true\" aria-invalid=\"false\" placeholder=\"Nom\" value=\"\" type=\"text\" name=\"your-name\" \/><\/span>\n\t\t\t\t<\/p>\n\t\t\t<\/div>\n\t\t<\/div>\n\t\t<div class=\"qodef-column\">\n\t\t\t<div class=\"qodef-column-inner\">\n\t\t\t\t<p><span class=\"wpcf7-form-control-wrap\" data-name=\"your-surname\"><input size=\"40\" maxlength=\"400\" class=\"wpcf7-form-control wpcf7-text wpcf7-validates-as-required\" aria-required=\"true\" aria-invalid=\"false\" placeholder=\"Cognom\" value=\"\" type=\"text\" name=\"your-surname\" \/><\/span>\n\t\t\t\t<\/p>\n\t\t\t<\/div>\n\t\t<\/div>\n\t<\/div>\n<\/div>\n<div class=\"qodef-two-columns-50-50\">\n\t<div class=\"qodef-two-columns-50-50-inner\">\n\t\t<div class=\"qodef-column\">\n\t\t\t<div class=\"qodef-column-inner\">\n\t\t\t\t<p><span class=\"wpcf7-form-control-wrap\" data-name=\"your-phone\"><input size=\"40\" maxlength=\"400\" class=\"wpcf7-form-control wpcf7-text wpcf7-validates-as-required\" aria-required=\"true\" aria-invalid=\"false\" placeholder=\"Tel\u00e8fon\" value=\"\" type=\"text\" name=\"your-phone\" \/><\/span>\n\t\t\t\t<\/p>\n\t\t\t<\/div>\n\t\t<\/div>\n\t\t<div class=\"qodef-column\">\n\t\t\t<div class=\"qodef-column-inner\">\n\t\t\t\t<p><span class=\"wpcf7-form-control-wrap\" data-name=\"your-email\"><input size=\"40\" maxlength=\"400\" class=\"wpcf7-form-control wpcf7-email wpcf7-validates-as-required wpcf7-text wpcf7-validates-as-email\" aria-required=\"true\" aria-invalid=\"false\" placeholder=\"Email\" value=\"\" type=\"email\" name=\"your-email\" \/><\/span>\n\t\t\t\t<\/p>\n\t\t\t<\/div>\n\t\t<\/div>\n\t<\/div>\n<\/div>\n<div>\n\t<div>\n\t\t<p><span class=\"wpcf7-form-control-wrap\" data-name=\"your-message\"><textarea cols=\"40\" rows=\"10\" maxlength=\"2000\" class=\"wpcf7-form-control wpcf7-textarea\" aria-invalid=\"false\" placeholder=\"Missatge\" name=\"your-message\"><\/textarea><\/span>\n\t\t<\/p>\n\t<\/div>\n\t<div>\n\t\t<p><input class=\"wpcf7-form-control wpcf7-submit has-spinner\" type=\"submit\" value=\"Enviar\" \/>\n\t\t<\/p>\n\t<\/div>\n<\/div><p style=\"display: none !important;\" class=\"akismet-fields-container\" data-prefix=\"_wpcf7_ak_\"><label>&#916;<textarea name=\"_wpcf7_ak_hp_textarea\" cols=\"45\" rows=\"8\" maxlength=\"100\"><\/textarea><\/label><input type=\"hidden\" id=\"ak_js_1\" name=\"_wpcf7_ak_js\" value=\"12\"\/><script>document.getElementById( \"ak_js_1\" ).setAttribute( \"value\", ( new Date() ).getTime() );<\/script><\/p><div class=\"wpcf7-response-output\" aria-hidden=\"true\"><\/div>\n<\/form>\n<\/div>\n[\/vc_column][\/vc_row][vc_row][vc_column][vc_empty_space height=&#8221;100px&#8221;][\/vc_column][\/vc_row]<\/p>\n<\/div>","protected":false},"excerpt":{"rendered":"<p>[vc_row css=&#8221;.vc_custom_1616662559700{margin-top: 0px !important;margin-bottom: 0px !important;padding-top: 0px !important;padding-bottom: 0px !important;}&#8221;][vc_column css=&#8221;.vc_custom_1616662336883{margin-top: 0px !important;margin-bottom: 0px !important;padding-top: 0px !important;padding-bottom: 0px !important;}&#8221;][vc_raw_html]JTNDcCUyMGNsYXNzJTNEJTIycG9ibGFjaW8yJTIyJTNFJTIwQmVsbGF0ZXJyYSUyQyUyMEJhcmNlbG9uYSUzQyUyRnAlM0U=[\/vc_raw_html][\/vc_column][\/vc_row][vc_row el_class=&#8221;nom&#8221; css=&#8221;.vc_custom_1616662858073{margin-top: 0px !important;margin-bottom: 0px !important;padding-top: 0px !important;padding-bottom: 0px !important;}&#8221;][vc_column css=&#8221;.vc_custom_1616662342299{margin-top: 0px !important;margin-bottom: 0px !important;padding-top: 0px !important;padding-bottom: 0px !important;}&#8221;][vc_column_text css=&#8221;.vc_custom_1752745929830{margin-top: 0px !important;margin-bottom: 0px !important;padding-top: 0px !important;padding-bottom:&#8230;<\/p>\n","protected":false},"author":2,"featured_media":0,"parent":2714,"menu_order":0,"comment_status":"closed","ping_status":"closed","template":"","meta":{"_acf_changed":false,"footnotes":"","_links_to":"","_links_to_target":""},"class_list":["post-10106","page","type-page","status-publish","hentry"],"acf":[],"aioseo_notices":[],"_links":{"self":[{"href":"https:\/\/premiumbymasifill.com\/ca\/wp-json\/wp\/v2\/pages\/10106","targetHints":{"allow":["GET"]}}],"collection":[{"href":"https:\/\/premiumbymasifill.com\/ca\/wp-json\/wp\/v2\/pages"}],"about":[{"href":"https:\/\/premiumbymasifill.com\/ca\/wp-json\/wp\/v2\/types\/page"}],"author":[{"embeddable":true,"href":"https:\/\/premiumbymasifill.com\/ca\/wp-json\/wp\/v2\/users\/2"}],"replies":[{"embeddable":true,"href":"https:\/\/premiumbymasifill.com\/ca\/wp-json\/wp\/v2\/comments?post=10106"}],"version-history":[{"count":14,"href":"https:\/\/premiumbymasifill.com\/ca\/wp-json\/wp\/v2\/pages\/10106\/revisions"}],"predecessor-version":[{"id":19631,"href":"https:\/\/premiumbymasifill.com\/ca\/wp-json\/wp\/v2\/pages\/10106\/revisions\/19631"}],"up":[{"embeddable":true,"href":"https:\/\/premiumbymasifill.com\/ca\/wp-json\/wp\/v2\/pages\/2714"}],"wp:attachment":[{"href":"https:\/\/premiumbymasifill.com\/ca\/wp-json\/wp\/v2\/media?parent=10106"}],"curies":[{"name":"wp","href":"https:\/\/api.w.org\/{rel}","templated":true}]}}